{"id":750,"date":"2026-01-26T09:53:11","date_gmt":"2026-01-26T09:53:11","guid":{"rendered":"https:\/\/doitopia.com\/?page_id=750"},"modified":"2026-02-09T10:55:36","modified_gmt":"2026-02-09T10:55:36","slug":"customizacion-de-mobiliario","status":"publish","type":"page","link":"https:\/\/doitopia.com\/en\/customizacion-de-mobiliario\/","title":{"rendered":"customizaci\u00f3n de mobiliario"},"content":{"rendered":"<div data-elementor-type=\"wp-page\" data-elementor-id=\"750\" class=\"elementor elementor-750\" data-elementor-post-type=\"page\">\n\t\t\t\t<div class=\"elementor-element elementor-element-20f2fe3 e-flex e-con-boxed e-con e-parent\" data-id=\"20f2fe3\" data-element_type=\"container\" data-settings=\"{&quot;background_background&quot;:&quot;classic&quot;}\">\n\t\t\t\t\t<div class=\"e-con-inner\">\n\t\t<div class=\"elementor-element elementor-element-f59581f e-con-full e-flex e-con e-child\" data-id=\"f59581f\" data-element_type=\"container\" data-settings=\"{&quot;background_background&quot;:&quot;classic&quot;}\">\n\t\t\t\t<div class=\"elementor-element elementor-element-54a8f67 elementor-widget__width-inherit e-transform elementor-widget elementor-widget-gallery\" data-id=\"54a8f67\" data-element_type=\"widget\" data-settings=\"{&quot;columns&quot;:1,&quot;gap&quot;:{&quot;unit&quot;:&quot;px&quot;,&quot;size&quot;:24,&quot;sizes&quot;:[]},&quot;_transform_scale_effect&quot;:{&quot;unit&quot;:&quot;px&quot;,&quot;size&quot;:1,&quot;sizes&quot;:[]},&quot;aspect_ratio&quot;:&quot;1:1&quot;,&quot;lazyload&quot;:&quot;yes&quot;,&quot;gallery_layout&quot;:&quot;grid&quot;,&quot;columns_tablet&quot;:2,&quot;columns_mobile&quot;:1,&quot;gap_tablet&quot;:{&quot;unit&quot;:&quot;px&quot;,&quot;size&quot;:10,&quot;sizes&quot;:[]},&quot;gap_mobile&quot;:{&quot;unit&quot;:&quot;px&quot;,&quot;size&quot;:10,&quot;sizes&quot;:[]},&quot;link_to&quot;:&quot;file&quot;,&quot;overlay_background&quot;:&quot;yes&quot;,&quot;_transform_scale_effect_tablet&quot;:{&quot;unit&quot;:&quot;px&quot;,&quot;size&quot;:&quot;&quot;,&quot;sizes&quot;:[]},&quot;_transform_scale_effect_mobile&quot;:{&quot;unit&quot;:&quot;px&quot;,&quot;size&quot;:&quot;&quot;,&quot;sizes&quot;:[]}}\" data-widget_type=\"gallery.default\">\n\t\t\t\t\t\t\t<div class=\"elementor-gallery__container\">\n\t\t\t\t\t\t\t<a class=\"e-gallery-item elementor-gallery-item\" href=\"https:\/\/doitopia.com\/wp-content\/uploads\/2026\/01\/Restauracion-y-Customizacion-de-todo-tipo-de-mobiliario-y-objetos-decorativos-2.png\" data-elementor-open-lightbox=\"yes\" data-elementor-lightbox-slideshow=\"54a8f67\" data-elementor-lightbox-title=\"Restauraci\u00f3n y Customizaci\u00f3n de todo tipo de mobiliario y objetos decorativos 2\" data-e-action-hash=\"#elementor-action%3Aaction%3Dlightbox%26settings%3DeyJpZCI6NjU5LCJ1cmwiOiJodHRwczpcL1wvZG9pdG9waWEuY29tXC93cC1jb250ZW50XC91cGxvYWRzXC8yMDI2XC8wMVwvUmVzdGF1cmFjaW9uLXktQ3VzdG9taXphY2lvbi1kZS10b2RvLXRpcG8tZGUtbW9iaWxpYXJpby15LW9iamV0b3MtZGVjb3JhdGl2b3MtMi5wbmciLCJzbGlkZXNob3ciOiI1NGE4ZjY3In0%3D\">\n\t\t\t\t\t<div class=\"e-gallery-image elementor-gallery-item__image\" data-thumbnail=\"https:\/\/doitopia.com\/wp-content\/uploads\/2026\/01\/Restauracion-y-Customizacion-de-todo-tipo-de-mobiliario-y-objetos-decorativos-2.png\" data-width=\"1024\" data-height=\"1024\" aria-label=\"\" role=\"img\" ><\/div>\n\t\t\t\t\t\t\t\t\t\t\t<div class=\"elementor-gallery-item__overlay\"><\/div>\n\t\t\t\t\t\t\t\t\t\t\t\t\t\t<\/a>\n\t\t\t\t\t\t\t<a class=\"e-gallery-item elementor-gallery-item\" href=\"https:\/\/doitopia.com\/wp-content\/uploads\/2026\/01\/Restauracion-y-Customizacion-de-todo-tipo-de-mobiliario-y-objetos-decorativos.png\" data-elementor-open-lightbox=\"yes\" data-elementor-lightbox-slideshow=\"54a8f67\" data-elementor-lightbox-title=\"Restauraci\u00f3n y Customizaci\u00f3n de todo tipo de mobiliario y objetos decorativos\" data-e-action-hash=\"#elementor-action%3Aaction%3Dlightbox%26settings%3DeyJpZCI6NjU4LCJ1cmwiOiJodHRwczpcL1wvZG9pdG9waWEuY29tXC93cC1jb250ZW50XC91cGxvYWRzXC8yMDI2XC8wMVwvUmVzdGF1cmFjaW9uLXktQ3VzdG9taXphY2lvbi1kZS10b2RvLXRpcG8tZGUtbW9iaWxpYXJpby15LW9iamV0b3MtZGVjb3JhdGl2b3MucG5nIiwic2xpZGVzaG93IjoiNTRhOGY2NyJ9\">\n\t\t\t\t\t<div class=\"e-gallery-image elementor-gallery-item__image\" data-thumbnail=\"https:\/\/doitopia.com\/wp-content\/uploads\/2026\/01\/Restauracion-y-Customizacion-de-todo-tipo-de-mobiliario-y-objetos-decorativos.png\" data-width=\"1024\" data-height=\"1024\" aria-label=\"\" role=\"img\" ><\/div>\n\t\t\t\t\t\t\t\t\t\t\t<div class=\"elementor-gallery-item__overlay\"><\/div>\n\t\t\t\t\t\t\t\t\t\t\t\t\t\t<\/a>\n\t\t\t\t\t<\/div>\n\t\t\t\t\t<\/div>\n\t\t\t\t<\/div>\n\t\t<div class=\"elementor-element elementor-element-28fe59e e-con-full e-flex e-con e-child\" data-id=\"28fe59e\" data-element_type=\"container\">\n\t\t\t\t<div class=\"elementor-element elementor-element-b43d0f6 elementor-widget elementor-widget-heading\" data-id=\"b43d0f6\" data-element_type=\"widget\" data-widget_type=\"heading.default\">\n\t\t\t\t\t<h2 class=\"elementor-heading-title elementor-size-default\">\u00bfQu\u00e9 ofrecemos?\n<\/h2>\t\t\t\t<\/div>\n\t\t\t\t<div class=\"elementor-element elementor-element-e3776af elementor-widget elementor-widget-heading\" data-id=\"e3776af\" data-element_type=\"widget\" data-widget_type=\"heading.default\">\n\t\t\t\t\t<h2 class=\"elementor-heading-title elementor-size-default\">Restauraci\u00f3n y Customizaci\u00f3n de todo tipo de mobiliario y objetos decorativos\n<\/h2>\t\t\t\t<\/div>\n\t\t\t\t<div class=\"elementor-element elementor-element-01bf68a elementor-widget elementor-widget-text-editor\" data-id=\"01bf68a\" data-element_type=\"widget\" data-widget_type=\"text-editor.default\">\n\t\t\t\t\t\t\t\t\t<p>En Doitopia no solo trabajamos con muebles antiguos o vintage. Tambi\u00e9n transformamos muebles contempor\u00e1neos que necesitan una segunda oportunidad.<\/p>\t\t\t\t\t\t\t\t<\/div>\n\t\t\t\t<div class=\"elementor-element elementor-element-6094870 elementor-icon-list--layout-traditional elementor-list-item-link-full_width elementor-widget elementor-widget-icon-list\" data-id=\"6094870\" data-element_type=\"widget\" data-widget_type=\"icon-list.default\">\n\t\t\t\t\t\t\t<ul class=\"elementor-icon-list-items\">\n\t\t\t\t\t\t\t<li class=\"elementor-icon-list-item\">\n\t\t\t\t\t\t\t\t\t\t\t<span class=\"elementor-icon-list-icon\">\n\t\t\t\t\t\t\t<svg aria-hidden=\"true\" class=\"e-font-icon-svg e-fas-check-circle\" viewbox=\"0 0 512 512\" xmlns=\"http:\/\/www.w3.org\/2000\/svg\"><path d=\"M504 256c0 136.967-111.033 248-248 248S8 392.967 8 256 119.033 8 256 8s248 111.033 248 248zM227.314 387.314l184-184c6.248-6.248 6.248-16.379 0-22.627l-22.627-22.627c-6.248-6.249-16.379-6.249-22.628 0L216 308.118l-70.059-70.059c-6.248-6.248-16.379-6.248-22.628 0l-22.627 22.627c-6.248 6.248-6.248 16.379 0 22.627l104 104c6.249 6.249 16.379 6.249 22.628.001z\"><\/path><\/svg>\t\t\t\t\t\t<\/span>\n\t\t\t\t\t\t\t\t\t\t<span class=\"elementor-icon-list-text\">Restauramos tus muebles con t\u00e9cnicas artesanales y materiales ecol\u00f3gicos.<\/span>\n\t\t\t\t\t\t\t\t\t<\/li>\n\t\t\t\t\t\t\t\t<li class=\"elementor-icon-list-item\">\n\t\t\t\t\t\t\t\t\t\t\t<span class=\"elementor-icon-list-icon\">\n\t\t\t\t\t\t\t<svg aria-hidden=\"true\" class=\"e-font-icon-svg e-fas-check-circle\" viewbox=\"0 0 512 512\" xmlns=\"http:\/\/www.w3.org\/2000\/svg\"><path d=\"M504 256c0 136.967-111.033 248-248 248S8 392.967 8 256 119.033 8 256 8s248 111.033 248 248zM227.314 387.314l184-184c6.248-6.248 6.248-16.379 0-22.627l-22.627-22.627c-6.248-6.249-16.379-6.249-22.628 0L216 308.118l-70.059-70.059c-6.248-6.248-16.379-6.248-22.628 0l-22.627 22.627c-6.248 6.248-6.248 16.379 0 22.627l104 104c6.249 6.249 16.379 6.249 22.628.001z\"><\/path><\/svg>\t\t\t\t\t\t<\/span>\n\t\t\t\t\t\t\t\t\t\t<span class=\"elementor-icon-list-text\">Cada pieza se trabaja con mimo, respetando su historia y adapt\u00e1ndola a tu estilo y a tu espacio<\/span>\n\t\t\t\t\t\t\t\t\t<\/li>\n\t\t\t\t\t\t\t\t<li class=\"elementor-icon-list-item\">\n\t\t\t\t\t\t\t\t\t\t\t<span class=\"elementor-icon-list-icon\">\n\t\t\t\t\t\t\t<svg aria-hidden=\"true\" class=\"e-font-icon-svg e-fas-check-circle\" viewbox=\"0 0 512 512\" xmlns=\"http:\/\/www.w3.org\/2000\/svg\"><path d=\"M504 256c0 136.967-111.033 248-248 248S8 392.967 8 256 119.033 8 256 8s248 111.033 248 248zM227.314 387.314l184-184c6.248-6.248 6.248-16.379 0-22.627l-22.627-22.627c-6.248-6.249-16.379-6.249-22.628 0L216 308.118l-70.059-70.059c-6.248-6.248-16.379-6.248-22.628 0l-22.627 22.627c-6.248 6.248-6.248 16.379 0 22.627l104 104c6.249 6.249 16.379 6.249 22.628.001z\"><\/path><\/svg>\t\t\t\t\t\t<\/span>\n\t\t\t\t\t\t\t\t\t\t<span class=\"elementor-icon-list-text\">Asesoramiento gratuito en la transformaci\u00f3n, reciclaje y restauraci\u00f3n de muebles: te guiamos sin compromiso para que descubras todo su potencial.<\/span>\n\t\t\t\t\t\t\t\t\t<\/li>\n\t\t\t\t\t\t\t\t<li class=\"elementor-icon-list-item\">\n\t\t\t\t\t\t\t\t\t\t\t<span class=\"elementor-icon-list-icon\">\n\t\t\t\t\t\t\t<svg aria-hidden=\"true\" class=\"e-font-icon-svg e-fas-check-circle\" viewbox=\"0 0 512 512\" xmlns=\"http:\/\/www.w3.org\/2000\/svg\"><path d=\"M504 256c0 136.967-111.033 248-248 248S8 392.967 8 256 119.033 8 256 8s248 111.033 248 248zM227.314 387.314l184-184c6.248-6.248 6.248-16.379 0-22.627l-22.627-22.627c-6.248-6.249-16.379-6.249-22.628 0L216 308.118l-70.059-70.059c-6.248-6.248-16.379-6.248-22.628 0l-22.627 22.627c-6.248 6.248-6.248 16.379 0 22.627l104 104c6.249 6.249 16.379 6.249 22.628.001z\"><\/path><\/svg>\t\t\t\t\t\t<\/span>\n\t\t\t\t\t\t\t\t\t\t<span class=\"elementor-icon-list-text\">Si tienes un mueble actual que ya no encaja con tu estilo o del que simplemente te has cansado, podemos ayudarte a renovarlo y devolverle vida.<\/span>\n\t\t\t\t\t\t\t\t\t<\/li>\n\t\t\t\t\t\t\t\t<li class=\"elementor-icon-list-item\">\n\t\t\t\t\t\t\t\t\t\t\t<span class=\"elementor-icon-list-icon\">\n\t\t\t\t\t\t\t<svg aria-hidden=\"true\" class=\"e-font-icon-svg e-fas-check-circle\" viewbox=\"0 0 512 512\" xmlns=\"http:\/\/www.w3.org\/2000\/svg\"><path d=\"M504 256c0 136.967-111.033 248-248 248S8 392.967 8 256 119.033 8 256 8s248 111.033 248 248zM227.314 387.314l184-184c6.248-6.248 6.248-16.379 0-22.627l-22.627-22.627c-6.248-6.249-16.379-6.249-22.628 0L216 308.118l-70.059-70.059c-6.248-6.248-16.379-6.248-22.628 0l-22.627 22.627c-6.248 6.248-6.248 16.379 0 22.627l104 104c6.249 6.249 16.379 6.249 22.628.001z\"><\/path><\/svg>\t\t\t\t\t\t<\/span>\n\t\t\t\t\t\t\t\t\t\t<span class=\"elementor-icon-list-text\">Actualizamos colores, acabados, tejidos o detalles de tus muebles para que vuelvas a disfrutarlo como el primer d\u00eda, pero con un aire completamente nuevo.<\/span>\n\t\t\t\t\t\t\t\t\t<\/li>\n\t\t\t\t\t\t\t\t<li class=\"elementor-icon-list-item\">\n\t\t\t\t\t\t\t\t\t\t\t<span class=\"elementor-icon-list-icon\">\n\t\t\t\t\t\t\t<svg aria-hidden=\"true\" class=\"e-font-icon-svg e-fas-check-circle\" viewbox=\"0 0 512 512\" xmlns=\"http:\/\/www.w3.org\/2000\/svg\"><path d=\"M504 256c0 136.967-111.033 248-248 248S8 392.967 8 256 119.033 8 256 8s248 111.033 248 248zM227.314 387.314l184-184c6.248-6.248 6.248-16.379 0-22.627l-22.627-22.627c-6.248-6.249-16.379-6.249-22.628 0L216 308.118l-70.059-70.059c-6.248-6.248-16.379-6.248-22.628 0l-22.627 22.627c-6.248 6.248-6.248 16.379 0 22.627l104 104c6.249 6.249 16.379 6.249 22.628.001z\"><\/path><\/svg>\t\t\t\t\t\t<\/span>\n\t\t\t\t\t\t\t\t\t\t<span class=\"elementor-icon-list-text\">Con la restauraci\u00f3n de muebles nuestro enfoque combina dise\u00f1o personalizado, sostenibilidad y creatividad, sin importar la edad del mueble.<\/span>\n\t\t\t\t\t\t\t\t\t<\/li>\n\t\t\t\t\t\t<\/ul>\n\t\t\t\t\t\t<\/div>\n\t\t\t\t<div class=\"elementor-element elementor-element-5810947 elementor-widget elementor-widget-text-editor\" data-id=\"5810947\" data-element_type=\"widget\" data-widget_type=\"text-editor.default\">\n\t\t\t\t\t\t\t\t\t<p>Porque a veces no hace falta cambiar de mueble, solo de perspectiva.<\/p>\t\t\t\t\t\t\t\t<\/div>\n\t\t\t\t<div class=\"elementor-element elementor-element-051d2a7 elementor-widget elementor-widget-button\" data-id=\"051d2a7\" data-element_type=\"widget\" data-widget_type=\"button.default\">\n\t\t\t\t\t\t\t\t\t\t<a class=\"elementor-button elementor-button-link elementor-size-sm\" href=\"\/en\/contacto\/\">\n\t\t\t\t\t\t<span class=\"elementor-button-content-wrapper\">\n\t\t\t\t\t\t\t\t\t<span class=\"elementor-button-text\">Contacto<\/span>\n\t\t\t\t\t<\/span>\n\t\t\t\t\t<\/a>\n\t\t\t\t\t\t\t\t<\/div>\n\t\t\t\t<\/div>\n\t\t\t\t\t<\/div>\n\t\t\t\t<\/div>\n\t\t\t\t<\/div>","protected":false},"excerpt":{"rendered":"<p>\u00bfQu\u00e9 ofrecemos? Restauraci\u00f3n y Customizaci\u00f3n de todo tipo de mobiliario y objetos decorativos En Doitopia no solo trabajamos con muebles antiguos o vintage. Tambi\u00e9n transformamos muebles contempor\u00e1neos que necesitan una segunda oportunidad. Restauramos tus muebles con t\u00e9cnicas artesanales y materiales ecol\u00f3gicos. Cada pieza se trabaja con mimo, respetando su historia y adapt\u00e1ndola a tu estilo [&hellip;]<\/p>","protected":false},"author":1,"featured_media":0,"parent":0,"menu_order":0,"comment_status":"closed","ping_status":"closed","template":"elementor_header_footer","meta":{"footnotes":""},"class_list":["post-750","page","type-page","status-publish","hentry"],"yoast_head":"<!-- This site is optimized with the Yoast SEO plugin v26.7 - https:\/\/yoast.com\/wordpress\/plugins\/seo\/ -->\n<title>customizaci\u00f3n de mobiliario - doitopia.com<\/title>\n<meta name=\"robots\" content=\"index, follow, max-snippet:-1, max-image-preview:large, max-video-preview:-1\" \/>\n<link rel=\"canonical\" href=\"https:\/\/doitopia.com\/en\/customizacion-de-mobiliario\/\" \/>\n<meta property=\"og:locale\" content=\"en_US\" \/>\n<meta property=\"og:type\" content=\"article\" \/>\n<meta property=\"og:title\" content=\"customizaci\u00f3n de mobiliario - doitopia.com\" \/>\n<meta property=\"og:description\" content=\"\u00bfQu\u00e9 ofrecemos? Restauraci\u00f3n y Customizaci\u00f3n de todo tipo de mobiliario y objetos decorativos En Doitopia no solo trabajamos con muebles antiguos o vintage. Tambi\u00e9n transformamos muebles contempor\u00e1neos que necesitan una segunda oportunidad. Restauramos tus muebles con t\u00e9cnicas artesanales y materiales ecol\u00f3gicos. Cada pieza se trabaja con mimo, respetando su historia y adapt\u00e1ndola a tu estilo [&hellip;]\" \/>\n<meta property=\"og:url\" content=\"https:\/\/doitopia.com\/en\/customizacion-de-mobiliario\/\" \/>\n<meta property=\"og:site_name\" content=\"doitopia.com\" \/>\n<meta property=\"article:modified_time\" content=\"2026-02-09T10:55:36+00:00\" \/>\n<meta name=\"twitter:card\" content=\"summary_large_image\" \/>\n<meta name=\"twitter:label1\" content=\"Est. reading time\" \/>\n\t<meta name=\"twitter:data1\" content=\"1 minute\" \/>\n<script type=\"application\/ld+json\" class=\"yoast-schema-graph\">{\"@context\":\"https:\/\/schema.org\",\"@graph\":[{\"@type\":\"WebPage\",\"@id\":\"https:\/\/doitopia.com\/customizacion-de-mobiliario\/\",\"url\":\"https:\/\/doitopia.com\/customizacion-de-mobiliario\/\",\"name\":\"customizaci\u00f3n de mobiliario - doitopia.com\",\"isPartOf\":{\"@id\":\"https:\/\/doitopia.com\/#website\"},\"datePublished\":\"2026-01-26T09:53:11+00:00\",\"dateModified\":\"2026-02-09T10:55:36+00:00\",\"breadcrumb\":{\"@id\":\"https:\/\/doitopia.com\/customizacion-de-mobiliario\/#breadcrumb\"},\"inLanguage\":\"en-US\",\"potentialAction\":[{\"@type\":\"ReadAction\",\"target\":[\"https:\/\/doitopia.com\/customizacion-de-mobiliario\/\"]}]},{\"@type\":\"BreadcrumbList\",\"@id\":\"https:\/\/doitopia.com\/customizacion-de-mobiliario\/#breadcrumb\",\"itemListElement\":[{\"@type\":\"ListItem\",\"position\":1,\"name\":\"Home\",\"item\":\"https:\/\/doitopia.com\/\"},{\"@type\":\"ListItem\",\"position\":2,\"name\":\"customizaci\u00f3n de mobiliario\"}]},{\"@type\":\"WebSite\",\"@id\":\"https:\/\/doitopia.com\/#website\",\"url\":\"https:\/\/doitopia.com\/\",\"name\":\"doitopia.com\",\"description\":\"\",\"publisher\":{\"@id\":\"https:\/\/doitopia.com\/#organization\"},\"potentialAction\":[{\"@type\":\"SearchAction\",\"target\":{\"@type\":\"EntryPoint\",\"urlTemplate\":\"https:\/\/doitopia.com\/?s={search_term_string}\"},\"query-input\":{\"@type\":\"PropertyValueSpecification\",\"valueRequired\":true,\"valueName\":\"search_term_string\"}}],\"inLanguage\":\"en-US\"},{\"@type\":\"Organization\",\"@id\":\"https:\/\/doitopia.com\/#organization\",\"name\":\"doitopia.com\",\"url\":\"https:\/\/doitopia.com\/\",\"logo\":{\"@type\":\"ImageObject\",\"inLanguage\":\"en-US\",\"@id\":\"https:\/\/doitopia.com\/#\/schema\/logo\/image\/\",\"url\":\"https:\/\/doitopia.com\/wp-content\/uploads\/2026\/01\/logo-DOITOPIA-sin-fondo-1.png\",\"contentUrl\":\"https:\/\/doitopia.com\/wp-content\/uploads\/2026\/01\/logo-DOITOPIA-sin-fondo-1.png\",\"width\":721,\"height\":639,\"caption\":\"doitopia.com\"},\"image\":{\"@id\":\"https:\/\/doitopia.com\/#\/schema\/logo\/image\/\"}}]}<\/script>\n<!-- \/ Yoast SEO plugin. -->","yoast_head_json":{"title":"customizaci\u00f3n de mobiliario - doitopia.com","robots":{"index":"index","follow":"follow","max-snippet":"max-snippet:-1","max-image-preview":"max-image-preview:large","max-video-preview":"max-video-preview:-1"},"canonical":"https:\/\/doitopia.com\/en\/customizacion-de-mobiliario\/","og_locale":"en_US","og_type":"article","og_title":"customizaci\u00f3n de mobiliario - doitopia.com","og_description":"\u00bfQu\u00e9 ofrecemos? Restauraci\u00f3n y Customizaci\u00f3n de todo tipo de mobiliario y objetos decorativos En Doitopia no solo trabajamos con muebles antiguos o vintage. Tambi\u00e9n transformamos muebles contempor\u00e1neos que necesitan una segunda oportunidad. Restauramos tus muebles con t\u00e9cnicas artesanales y materiales ecol\u00f3gicos. Cada pieza se trabaja con mimo, respetando su historia y adapt\u00e1ndola a tu estilo [&hellip;]","og_url":"https:\/\/doitopia.com\/en\/customizacion-de-mobiliario\/","og_site_name":"doitopia.com","article_modified_time":"2026-02-09T10:55:36+00:00","twitter_card":"summary_large_image","twitter_misc":{"Est. reading time":"1 minute"},"schema":{"@context":"https:\/\/schema.org","@graph":[{"@type":"WebPage","@id":"https:\/\/doitopia.com\/customizacion-de-mobiliario\/","url":"https:\/\/doitopia.com\/customizacion-de-mobiliario\/","name":"customizaci\u00f3n de mobiliario - doitopia.com","isPartOf":{"@id":"https:\/\/doitopia.com\/#website"},"datePublished":"2026-01-26T09:53:11+00:00","dateModified":"2026-02-09T10:55:36+00:00","breadcrumb":{"@id":"https:\/\/doitopia.com\/customizacion-de-mobiliario\/#breadcrumb"},"inLanguage":"en-US","potentialAction":[{"@type":"ReadAction","target":["https:\/\/doitopia.com\/customizacion-de-mobiliario\/"]}]},{"@type":"BreadcrumbList","@id":"https:\/\/doitopia.com\/customizacion-de-mobiliario\/#breadcrumb","itemListElement":[{"@type":"ListItem","position":1,"name":"Home","item":"https:\/\/doitopia.com\/"},{"@type":"ListItem","position":2,"name":"customizaci\u00f3n de mobiliario"}]},{"@type":"WebSite","@id":"https:\/\/doitopia.com\/#website","url":"https:\/\/doitopia.com\/","name":"doitopia.com","description":"","publisher":{"@id":"https:\/\/doitopia.com\/#organization"},"potentialAction":[{"@type":"SearchAction","target":{"@type":"EntryPoint","urlTemplate":"https:\/\/doitopia.com\/?s={search_term_string}"},"query-input":{"@type":"PropertyValueSpecification","valueRequired":true,"valueName":"search_term_string"}}],"inLanguage":"en-US"},{"@type":"Organization","@id":"https:\/\/doitopia.com\/#organization","name":"doitopia.com","url":"https:\/\/doitopia.com\/","logo":{"@type":"ImageObject","inLanguage":"en-US","@id":"https:\/\/doitopia.com\/#\/schema\/logo\/image\/","url":"https:\/\/doitopia.com\/wp-content\/uploads\/2026\/01\/logo-DOITOPIA-sin-fondo-1.png","contentUrl":"https:\/\/doitopia.com\/wp-content\/uploads\/2026\/01\/logo-DOITOPIA-sin-fondo-1.png","width":721,"height":639,"caption":"doitopia.com"},"image":{"@id":"https:\/\/doitopia.com\/#\/schema\/logo\/image\/"}}]}},"_links":{"self":[{"href":"https:\/\/doitopia.com\/en\/wp-json\/wp\/v2\/pages\/750","targetHints":{"allow":["GET"]}}],"collection":[{"href":"https:\/\/doitopia.com\/en\/wp-json\/wp\/v2\/pages"}],"about":[{"href":"https:\/\/doitopia.com\/en\/wp-json\/wp\/v2\/types\/page"}],"author":[{"embeddable":true,"href":"https:\/\/doitopia.com\/en\/wp-json\/wp\/v2\/users\/1"}],"replies":[{"embeddable":true,"href":"https:\/\/doitopia.com\/en\/wp-json\/wp\/v2\/comments?post=750"}],"version-history":[{"count":13,"href":"https:\/\/doitopia.com\/en\/wp-json\/wp\/v2\/pages\/750\/revisions"}],"predecessor-version":[{"id":1019,"href":"https:\/\/doitopia.com\/en\/wp-json\/wp\/v2\/pages\/750\/revisions\/1019"}],"wp:attachment":[{"href":"https:\/\/doitopia.com\/en\/wp-json\/wp\/v2\/media?parent=750"}],"curies":[{"name":"wp","href":"https:\/\/api.w.org\/{rel}","templated":true}]}}