{"id":760,"date":"2026-01-26T10:17:28","date_gmt":"2026-01-26T10:17:28","guid":{"rendered":"https:\/\/doitopia.com\/?page_id=760"},"modified":"2026-02-03T15:25:32","modified_gmt":"2026-02-03T15:25:32","slug":"servicio-integral-de-decoracion-sostenible","status":"publish","type":"page","link":"https:\/\/doitopia.com\/en\/servicio-integral-de-decoracion-sostenible\/","title":{"rendered":"servicio integral de decoraci\u00f3n sostenible"},"content":{"rendered":"<div data-elementor-type=\"wp-page\" data-elementor-id=\"760\" class=\"elementor elementor-760\" data-elementor-post-type=\"page\">\n\t\t\t\t<div class=\"elementor-element elementor-element-e680abc e-flex e-con-boxed e-con e-parent\" data-id=\"e680abc\" data-element_type=\"container\" data-settings=\"{&quot;background_background&quot;:&quot;classic&quot;}\">\n\t\t\t\t\t<div class=\"e-con-inner\">\n\t\t<div class=\"elementor-element elementor-element-8912759 e-con-full e-flex e-con e-child\" data-id=\"8912759\" data-element_type=\"container\">\n\t\t\t\t<div class=\"elementor-element elementor-element-f298de3 elementor-hidden-desktop elementor-widget elementor-widget-heading\" data-id=\"f298de3\" data-element_type=\"widget\" data-widget_type=\"heading.default\">\n\t\t\t\t\t<h2 class=\"elementor-heading-title elementor-size-default\">\u00bfQu\u00e9 ofrecemos?\n<\/h2>\t\t\t\t<\/div>\n\t\t\t\t<div class=\"elementor-element elementor-element-900e4cb elementor-hidden-desktop elementor-widget elementor-widget-heading\" data-id=\"900e4cb\" data-element_type=\"widget\" data-widget_type=\"heading.default\">\n\t\t\t\t\t<h2 class=\"elementor-heading-title elementor-size-default\">servicio integral de decoraci\u00f3n sostenible<\/h2>\t\t\t\t<\/div>\n\t\t\t\t<div class=\"elementor-element elementor-element-b73bf5e elementor-widget__width-inherit e-transform elementor-widget elementor-widget-gallery\" data-id=\"b73bf5e\" data-element_type=\"widget\" data-settings=\"{&quot;columns&quot;:2,&quot;gap&quot;:{&quot;unit&quot;:&quot;px&quot;,&quot;size&quot;:24,&quot;sizes&quot;:[]},&quot;_transform_scale_effect&quot;:{&quot;unit&quot;:&quot;px&quot;,&quot;size&quot;:1,&quot;sizes&quot;:[]},&quot;lazyload&quot;:&quot;yes&quot;,&quot;gallery_layout&quot;:&quot;grid&quot;,&quot;columns_tablet&quot;:2,&quot;columns_mobile&quot;:1,&quot;gap_tablet&quot;:{&quot;unit&quot;:&quot;px&quot;,&quot;size&quot;:10,&quot;sizes&quot;:[]},&quot;gap_mobile&quot;:{&quot;unit&quot;:&quot;px&quot;,&quot;size&quot;:10,&quot;sizes&quot;:[]},&quot;link_to&quot;:&quot;file&quot;,&quot;aspect_ratio&quot;:&quot;3:2&quot;,&quot;overlay_background&quot;:&quot;yes&quot;,&quot;_transform_scale_effect_tablet&quot;:{&quot;unit&quot;:&quot;px&quot;,&quot;size&quot;:&quot;&quot;,&quot;sizes&quot;:[]},&quot;_transform_scale_effect_mobile&quot;:{&quot;unit&quot;:&quot;px&quot;,&quot;size&quot;:&quot;&quot;,&quot;sizes&quot;:[]}}\" data-widget_type=\"gallery.default\">\n\t\t\t\t\t\t\t<div class=\"elementor-gallery__container\">\n\t\t\t\t\t\t\t<a class=\"e-gallery-item elementor-gallery-item\" href=\"https:\/\/doitopia.com\/wp-content\/uploads\/2026\/01\/Servicio-Integral-de-Decoracion-Sostenible.jpg\" data-elementor-open-lightbox=\"yes\" data-elementor-lightbox-slideshow=\"b73bf5e\" data-elementor-lightbox-title=\"Servicio Integral de Decoraci\u00f3n Sostenible\" data-e-action-hash=\"#elementor-action%3Aaction%3Dlightbox%26settings%3DeyJpZCI6NjQ5LCJ1cmwiOiJodHRwczpcL1wvZG9pdG9waWEuY29tXC93cC1jb250ZW50XC91cGxvYWRzXC8yMDI2XC8wMVwvU2VydmljaW8tSW50ZWdyYWwtZGUtRGVjb3JhY2lvbi1Tb3N0ZW5pYmxlLmpwZyIsInNsaWRlc2hvdyI6ImI3M2JmNWUifQ%3D%3D\">\n\t\t\t\t\t<div class=\"e-gallery-image elementor-gallery-item__image\" data-thumbnail=\"https:\/\/doitopia.com\/wp-content\/uploads\/2026\/01\/Servicio-Integral-de-Decoracion-Sostenible-300x200.jpg\" data-width=\"300\" data-height=\"200\" aria-label=\"\" role=\"img\" ><\/div>\n\t\t\t\t\t\t\t\t\t\t\t<div class=\"elementor-gallery-item__overlay\"><\/div>\n\t\t\t\t\t\t\t\t\t\t\t\t\t\t<\/a>\n\t\t\t\t\t\t\t<a class=\"e-gallery-item elementor-gallery-item\" href=\"https:\/\/doitopia.com\/wp-content\/uploads\/2026\/01\/Servicio-Integral-de-Decoracion-Sostenible-2.jpg\" data-elementor-open-lightbox=\"yes\" data-elementor-lightbox-slideshow=\"b73bf5e\" data-elementor-lightbox-title=\"Servicio Integral de Decoraci\u00f3n Sostenible 2\" data-e-action-hash=\"#elementor-action%3Aaction%3Dlightbox%26settings%3DeyJpZCI6NjUzLCJ1cmwiOiJodHRwczpcL1wvZG9pdG9waWEuY29tXC93cC1jb250ZW50XC91cGxvYWRzXC8yMDI2XC8wMVwvU2VydmljaW8tSW50ZWdyYWwtZGUtRGVjb3JhY2lvbi1Tb3N0ZW5pYmxlLTIuanBnIiwic2xpZGVzaG93IjoiYjczYmY1ZSJ9\">\n\t\t\t\t\t<div class=\"e-gallery-image elementor-gallery-item__image\" data-thumbnail=\"https:\/\/doitopia.com\/wp-content\/uploads\/2026\/01\/Servicio-Integral-de-Decoracion-Sostenible-2-300x200.jpg\" data-width=\"300\" data-height=\"200\" aria-label=\"\" role=\"img\" ><\/div>\n\t\t\t\t\t\t\t\t\t\t\t<div class=\"elementor-gallery-item__overlay\"><\/div>\n\t\t\t\t\t\t\t\t\t\t\t\t\t\t<\/a>\n\t\t\t\t\t\t\t<a class=\"e-gallery-item elementor-gallery-item\" href=\"https:\/\/doitopia.com\/wp-content\/uploads\/2026\/01\/Servicio-Integral-de-Decoracion-Sostenible-3.jpg\" data-elementor-open-lightbox=\"yes\" data-elementor-lightbox-slideshow=\"b73bf5e\" data-elementor-lightbox-title=\"Servicio Integral de Decoraci\u00f3n Sostenible 3\" data-e-action-hash=\"#elementor-action%3Aaction%3Dlightbox%26settings%3DeyJpZCI6NjU0LCJ1cmwiOiJodHRwczpcL1wvZG9pdG9waWEuY29tXC93cC1jb250ZW50XC91cGxvYWRzXC8yMDI2XC8wMVwvU2VydmljaW8tSW50ZWdyYWwtZGUtRGVjb3JhY2lvbi1Tb3N0ZW5pYmxlLTMuanBnIiwic2xpZGVzaG93IjoiYjczYmY1ZSJ9\">\n\t\t\t\t\t<div class=\"e-gallery-image elementor-gallery-item__image\" data-thumbnail=\"https:\/\/doitopia.com\/wp-content\/uploads\/2026\/01\/Servicio-Integral-de-Decoracion-Sostenible-3-300x200.jpg\" data-width=\"300\" data-height=\"200\" aria-label=\"\" role=\"img\" ><\/div>\n\t\t\t\t\t\t\t\t\t\t\t<div class=\"elementor-gallery-item__overlay\"><\/div>\n\t\t\t\t\t\t\t\t\t\t\t\t\t\t<\/a>\n\t\t\t\t\t<\/div>\n\t\t\t\t\t<\/div>\n\t\t\t\t<\/div>\n\t\t<div class=\"elementor-element elementor-element-d504753 e-con-full e-flex e-con e-child\" data-id=\"d504753\" data-element_type=\"container\">\n\t\t\t\t<div class=\"elementor-element elementor-element-670472e elementor-hidden-tablet elementor-hidden-mobile elementor-widget elementor-widget-heading\" data-id=\"670472e\" data-element_type=\"widget\" data-widget_type=\"heading.default\">\n\t\t\t\t\t<h2 class=\"elementor-heading-title elementor-size-default\">\u00bfQu\u00e9 ofrecemos?\n<\/h2>\t\t\t\t<\/div>\n\t\t\t\t<div class=\"elementor-element elementor-element-d842366 elementor-hidden-tablet elementor-hidden-mobile elementor-widget elementor-widget-heading\" data-id=\"d842366\" data-element_type=\"widget\" data-widget_type=\"heading.default\">\n\t\t\t\t\t<h2 class=\"elementor-heading-title elementor-size-default\">servicio integral de decoraci\u00f3n sostenible<\/h2>\t\t\t\t<\/div>\n\t\t\t\t<div class=\"elementor-element elementor-element-3d624a6 elementor-align-start elementor-widget__width-initial elementor-icon-list--layout-traditional elementor-list-item-link-full_width elementor-widget elementor-widget-icon-list\" data-id=\"3d624a6\" data-element_type=\"widget\" data-widget_type=\"icon-list.default\">\n\t\t\t\t\t\t\t<ul class=\"elementor-icon-list-items\">\n\t\t\t\t\t\t\t<li class=\"elementor-icon-list-item\">\n\t\t\t\t\t\t\t\t\t\t\t<span class=\"elementor-icon-list-icon\">\n\t\t\t\t\t\t\t<svg aria-hidden=\"true\" class=\"e-font-icon-svg e-fas-check-circle\" viewbox=\"0 0 512 512\" xmlns=\"http:\/\/www.w3.org\/2000\/svg\"><path d=\"M504 256c0 136.967-111.033 248-248 248S8 392.967 8 256 119.033 8 256 8s248 111.033 248 248zM227.314 387.314l184-184c6.248-6.248 6.248-16.379 0-22.627l-22.627-22.627c-6.248-6.249-16.379-6.249-22.628 0L216 308.118l-70.059-70.059c-6.248-6.248-16.379-6.248-22.628 0l-22.627 22.627c-6.248 6.248-6.248 16.379 0 22.627l104 104c6.249 6.249 16.379 6.249 22.628.001z\"><\/path><\/svg>\t\t\t\t\t\t<\/span>\n\t\t\t\t\t\t\t\t\t\t<span class=\"elementor-icon-list-text\">Proyectos a medida que combinan tus propios muebles restaurados con piezas \u00fanicas de nuestro taller.<\/span>\n\t\t\t\t\t\t\t\t\t<\/li>\n\t\t\t\t\t\t\t\t<li class=\"elementor-icon-list-item\">\n\t\t\t\t\t\t\t\t\t\t\t<span class=\"elementor-icon-list-icon\">\n\t\t\t\t\t\t\t<svg aria-hidden=\"true\" class=\"e-font-icon-svg e-fas-check-circle\" viewbox=\"0 0 512 512\" xmlns=\"http:\/\/www.w3.org\/2000\/svg\"><path d=\"M504 256c0 136.967-111.033 248-248 248S8 392.967 8 256 119.033 8 256 8s248 111.033 248 248zM227.314 387.314l184-184c6.248-6.248 6.248-16.379 0-22.627l-22.627-22.627c-6.248-6.249-16.379-6.249-22.628 0L216 308.118l-70.059-70.059c-6.248-6.248-16.379-6.248-22.628 0l-22.627 22.627c-6.248 6.248-6.248 16.379 0 22.627l104 104c6.249 6.249 16.379 6.249 22.628.001z\"><\/path><\/svg>\t\t\t\t\t\t<\/span>\n\t\t\t\t\t\t\t\t\t\t<span class=\"elementor-icon-list-text\">Soluciones decorativas asequibles pensadas para hogares, espacios comerciales o de trabajo.<\/span>\n\t\t\t\t\t\t\t\t\t<\/li>\n\t\t\t\t\t\t\t\t<li class=\"elementor-icon-list-item\">\n\t\t\t\t\t\t\t\t\t\t\t<span class=\"elementor-icon-list-icon\">\n\t\t\t\t\t\t\t<svg aria-hidden=\"true\" class=\"e-font-icon-svg e-fas-check-circle\" viewbox=\"0 0 512 512\" xmlns=\"http:\/\/www.w3.org\/2000\/svg\"><path d=\"M504 256c0 136.967-111.033 248-248 248S8 392.967 8 256 119.033 8 256 8s248 111.033 248 248zM227.314 387.314l184-184c6.248-6.248 6.248-16.379 0-22.627l-22.627-22.627c-6.248-6.249-16.379-6.249-22.628 0L216 308.118l-70.059-70.059c-6.248-6.248-16.379-6.248-22.628 0l-22.627 22.627c-6.248 6.248-6.248 16.379 0 22.627l104 104c6.249 6.249 16.379 6.249 22.628.001z\"><\/path><\/svg>\t\t\t\t\t\t<\/span>\n\t\t\t\t\t\t\t\t\t\t<span class=\"elementor-icon-list-text\">Dise\u00f1o funcional y emocional con enfoque circular.<\/span>\n\t\t\t\t\t\t\t\t\t<\/li>\n\t\t\t\t\t\t<\/ul>\n\t\t\t\t\t\t<\/div>\n\t\t\t\t<\/div>\n\t\t\t\t\t<\/div>\n\t\t\t\t<\/div>\n\t\t\t\t<\/div>","protected":false},"excerpt":{"rendered":"<p>\u00bfQu\u00e9 ofrecemos? servicio integral de decoraci\u00f3n sostenible \u00bfQu\u00e9 ofrecemos? servicio integral de decoraci\u00f3n sostenible Proyectos a medida que combinan tus propios muebles restaurados con piezas \u00fanicas de nuestro taller. Soluciones decorativas asequibles pensadas para hogares, espacios comerciales o de trabajo. Dise\u00f1o funcional y emocional con enfoque circular.<\/p>","protected":false},"author":1,"featured_media":0,"parent":0,"menu_order":0,"comment_status":"closed","ping_status":"closed","template":"elementor_header_footer","meta":{"footnotes":""},"class_list":["post-760","page","type-page","status-publish","hentry"],"yoast_head":"<!-- This site is optimized with the Yoast SEO plugin v26.7 - https:\/\/yoast.com\/wordpress\/plugins\/seo\/ -->\n<title>servicio integral de decoraci\u00f3n sostenible - doitopia.com<\/title>\n<meta name=\"robots\" content=\"index, follow, max-snippet:-1, max-image-preview:large, max-video-preview:-1\" \/>\n<link rel=\"canonical\" href=\"https:\/\/doitopia.com\/en\/servicio-integral-de-decoracion-sostenible\/\" \/>\n<meta property=\"og:locale\" content=\"en_US\" \/>\n<meta property=\"og:type\" content=\"article\" \/>\n<meta property=\"og:title\" content=\"servicio integral de decoraci\u00f3n sostenible - doitopia.com\" \/>\n<meta property=\"og:description\" content=\"\u00bfQu\u00e9 ofrecemos? servicio integral de decoraci\u00f3n sostenible \u00bfQu\u00e9 ofrecemos? servicio integral de decoraci\u00f3n sostenible Proyectos a medida que combinan tus propios muebles restaurados con piezas \u00fanicas de nuestro taller. Soluciones decorativas asequibles pensadas para hogares, espacios comerciales o de trabajo. Dise\u00f1o funcional y emocional con enfoque circular.\" \/>\n<meta property=\"og:url\" content=\"https:\/\/doitopia.com\/en\/servicio-integral-de-decoracion-sostenible\/\" \/>\n<meta property=\"og:site_name\" content=\"doitopia.com\" \/>\n<meta property=\"article:modified_time\" content=\"2026-02-03T15:25:32+00:00\" \/>\n<meta name=\"twitter:card\" content=\"summary_large_image\" \/>\n<meta name=\"twitter:label1\" content=\"Est. reading time\" \/>\n\t<meta name=\"twitter:data1\" content=\"1 minute\" \/>\n<script type=\"application\/ld+json\" class=\"yoast-schema-graph\">{\"@context\":\"https:\/\/schema.org\",\"@graph\":[{\"@type\":\"WebPage\",\"@id\":\"https:\/\/doitopia.com\/servicio-integral-de-decoracion-sostenible\/\",\"url\":\"https:\/\/doitopia.com\/servicio-integral-de-decoracion-sostenible\/\",\"name\":\"servicio integral de decoraci\u00f3n sostenible - doitopia.com\",\"isPartOf\":{\"@id\":\"https:\/\/doitopia.com\/#website\"},\"datePublished\":\"2026-01-26T10:17:28+00:00\",\"dateModified\":\"2026-02-03T15:25:32+00:00\",\"breadcrumb\":{\"@id\":\"https:\/\/doitopia.com\/servicio-integral-de-decoracion-sostenible\/#breadcrumb\"},\"inLanguage\":\"en-US\",\"potentialAction\":[{\"@type\":\"ReadAction\",\"target\":[\"https:\/\/doitopia.com\/servicio-integral-de-decoracion-sostenible\/\"]}]},{\"@type\":\"BreadcrumbList\",\"@id\":\"https:\/\/doitopia.com\/servicio-integral-de-decoracion-sostenible\/#breadcrumb\",\"itemListElement\":[{\"@type\":\"ListItem\",\"position\":1,\"name\":\"Home\",\"item\":\"https:\/\/doitopia.com\/\"},{\"@type\":\"ListItem\",\"position\":2,\"name\":\"servicio integral de decoraci\u00f3n sostenible\"}]},{\"@type\":\"WebSite\",\"@id\":\"https:\/\/doitopia.com\/#website\",\"url\":\"https:\/\/doitopia.com\/\",\"name\":\"doitopia.com\",\"description\":\"\",\"publisher\":{\"@id\":\"https:\/\/doitopia.com\/#organization\"},\"potentialAction\":[{\"@type\":\"SearchAction\",\"target\":{\"@type\":\"EntryPoint\",\"urlTemplate\":\"https:\/\/doitopia.com\/?s={search_term_string}\"},\"query-input\":{\"@type\":\"PropertyValueSpecification\",\"valueRequired\":true,\"valueName\":\"search_term_string\"}}],\"inLanguage\":\"en-US\"},{\"@type\":\"Organization\",\"@id\":\"https:\/\/doitopia.com\/#organization\",\"name\":\"doitopia.com\",\"url\":\"https:\/\/doitopia.com\/\",\"logo\":{\"@type\":\"ImageObject\",\"inLanguage\":\"en-US\",\"@id\":\"https:\/\/doitopia.com\/#\/schema\/logo\/image\/\",\"url\":\"https:\/\/doitopia.com\/wp-content\/uploads\/2026\/01\/logo-DOITOPIA-sin-fondo-1.png\",\"contentUrl\":\"https:\/\/doitopia.com\/wp-content\/uploads\/2026\/01\/logo-DOITOPIA-sin-fondo-1.png\",\"width\":721,\"height\":639,\"caption\":\"doitopia.com\"},\"image\":{\"@id\":\"https:\/\/doitopia.com\/#\/schema\/logo\/image\/\"}}]}<\/script>\n<!-- \/ Yoast SEO plugin. -->","yoast_head_json":{"title":"servicio integral de decoraci\u00f3n sostenible - doitopia.com","robots":{"index":"index","follow":"follow","max-snippet":"max-snippet:-1","max-image-preview":"max-image-preview:large","max-video-preview":"max-video-preview:-1"},"canonical":"https:\/\/doitopia.com\/en\/servicio-integral-de-decoracion-sostenible\/","og_locale":"en_US","og_type":"article","og_title":"servicio integral de decoraci\u00f3n sostenible - doitopia.com","og_description":"\u00bfQu\u00e9 ofrecemos? servicio integral de decoraci\u00f3n sostenible \u00bfQu\u00e9 ofrecemos? servicio integral de decoraci\u00f3n sostenible Proyectos a medida que combinan tus propios muebles restaurados con piezas \u00fanicas de nuestro taller. Soluciones decorativas asequibles pensadas para hogares, espacios comerciales o de trabajo. Dise\u00f1o funcional y emocional con enfoque circular.","og_url":"https:\/\/doitopia.com\/en\/servicio-integral-de-decoracion-sostenible\/","og_site_name":"doitopia.com","article_modified_time":"2026-02-03T15:25:32+00:00","twitter_card":"summary_large_image","twitter_misc":{"Est. reading time":"1 minute"},"schema":{"@context":"https:\/\/schema.org","@graph":[{"@type":"WebPage","@id":"https:\/\/doitopia.com\/servicio-integral-de-decoracion-sostenible\/","url":"https:\/\/doitopia.com\/servicio-integral-de-decoracion-sostenible\/","name":"servicio integral de decoraci\u00f3n sostenible - doitopia.com","isPartOf":{"@id":"https:\/\/doitopia.com\/#website"},"datePublished":"2026-01-26T10:17:28+00:00","dateModified":"2026-02-03T15:25:32+00:00","breadcrumb":{"@id":"https:\/\/doitopia.com\/servicio-integral-de-decoracion-sostenible\/#breadcrumb"},"inLanguage":"en-US","potentialAction":[{"@type":"ReadAction","target":["https:\/\/doitopia.com\/servicio-integral-de-decoracion-sostenible\/"]}]},{"@type":"BreadcrumbList","@id":"https:\/\/doitopia.com\/servicio-integral-de-decoracion-sostenible\/#breadcrumb","itemListElement":[{"@type":"ListItem","position":1,"name":"Home","item":"https:\/\/doitopia.com\/"},{"@type":"ListItem","position":2,"name":"servicio integral de decoraci\u00f3n sostenible"}]},{"@type":"WebSite","@id":"https:\/\/doitopia.com\/#website","url":"https:\/\/doitopia.com\/","name":"doitopia.com","description":"","publisher":{"@id":"https:\/\/doitopia.com\/#organization"},"potentialAction":[{"@type":"SearchAction","target":{"@type":"EntryPoint","urlTemplate":"https:\/\/doitopia.com\/?s={search_term_string}"},"query-input":{"@type":"PropertyValueSpecification","valueRequired":true,"valueName":"search_term_string"}}],"inLanguage":"en-US"},{"@type":"Organization","@id":"https:\/\/doitopia.com\/#organization","name":"doitopia.com","url":"https:\/\/doitopia.com\/","logo":{"@type":"ImageObject","inLanguage":"en-US","@id":"https:\/\/doitopia.com\/#\/schema\/logo\/image\/","url":"https:\/\/doitopia.com\/wp-content\/uploads\/2026\/01\/logo-DOITOPIA-sin-fondo-1.png","contentUrl":"https:\/\/doitopia.com\/wp-content\/uploads\/2026\/01\/logo-DOITOPIA-sin-fondo-1.png","width":721,"height":639,"caption":"doitopia.com"},"image":{"@id":"https:\/\/doitopia.com\/#\/schema\/logo\/image\/"}}]}},"_links":{"self":[{"href":"https:\/\/doitopia.com\/en\/wp-json\/wp\/v2\/pages\/760","targetHints":{"allow":["GET"]}}],"collection":[{"href":"https:\/\/doitopia.com\/en\/wp-json\/wp\/v2\/pages"}],"about":[{"href":"https:\/\/doitopia.com\/en\/wp-json\/wp\/v2\/types\/page"}],"author":[{"embeddable":true,"href":"https:\/\/doitopia.com\/en\/wp-json\/wp\/v2\/users\/1"}],"replies":[{"embeddable":true,"href":"https:\/\/doitopia.com\/en\/wp-json\/wp\/v2\/comments?post=760"}],"version-history":[{"count":44,"href":"https:\/\/doitopia.com\/en\/wp-json\/wp\/v2\/pages\/760\/revisions"}],"predecessor-version":[{"id":949,"href":"https:\/\/doitopia.com\/en\/wp-json\/wp\/v2\/pages\/760\/revisions\/949"}],"wp:attachment":[{"href":"https:\/\/doitopia.com\/en\/wp-json\/wp\/v2\/media?parent=760"}],"curies":[{"name":"wp","href":"https:\/\/api.w.org\/{rel}","templated":true}]}}