{"id":778,"date":"2026-01-26T10:28:11","date_gmt":"2026-01-26T10:28:11","guid":{"rendered":"https:\/\/doitopia.com\/?page_id=778"},"modified":"2026-02-03T15:26:51","modified_gmt":"2026-02-03T15:26:51","slug":"busqueda-personalizada-de-mobiliario","status":"publish","type":"page","link":"https:\/\/doitopia.com\/en\/busqueda-personalizada-de-mobiliario\/","title":{"rendered":"b\u00fasqueda personalizada de mobiliario"},"content":{"rendered":"<div data-elementor-type=\"wp-page\" data-elementor-id=\"778\" class=\"elementor elementor-778\" data-elementor-post-type=\"page\">\n\t\t\t\t<div class=\"elementor-element elementor-element-4f95be9 e-flex e-con-boxed e-con e-parent\" data-id=\"4f95be9\" data-element_type=\"container\" data-settings=\"{&quot;background_background&quot;:&quot;classic&quot;}\">\n\t\t\t\t\t<div class=\"e-con-inner\">\n\t\t<div class=\"elementor-element elementor-element-4001124 e-con-full e-flex e-con e-child\" data-id=\"4001124\" data-element_type=\"container\">\n\t\t\t\t<div class=\"elementor-element elementor-element-e637a29 elementor-hidden-tablet elementor-hidden-mobile elementor-widget elementor-widget-heading\" data-id=\"e637a29\" data-element_type=\"widget\" data-widget_type=\"heading.default\">\n\t\t\t\t\t<h2 class=\"elementor-heading-title elementor-size-default\">\u00bfQu\u00e9 ofrecemos?\n<\/h2>\t\t\t\t<\/div>\n\t\t\t\t<div class=\"elementor-element elementor-element-87b139d elementor-hidden-tablet elementor-hidden-mobile elementor-widget elementor-widget-heading\" data-id=\"87b139d\" data-element_type=\"widget\" data-widget_type=\"heading.default\">\n\t\t\t\t\t<h2 class=\"elementor-heading-title elementor-size-default\">B\u00fasqueda Personalizada de Mobiliario\n<\/h2>\t\t\t\t<\/div>\n\t\t\t\t<div class=\"elementor-element elementor-element-fa113f7 elementor-icon-list--layout-traditional elementor-list-item-link-full_width elementor-widget elementor-widget-icon-list\" data-id=\"fa113f7\" data-element_type=\"widget\" data-widget_type=\"icon-list.default\">\n\t\t\t\t\t\t\t<ul class=\"elementor-icon-list-items\">\n\t\t\t\t\t\t\t<li class=\"elementor-icon-list-item\">\n\t\t\t\t\t\t\t\t\t\t\t<span class=\"elementor-icon-list-icon\">\n\t\t\t\t\t\t\t<svg aria-hidden=\"true\" class=\"e-font-icon-svg e-fas-check-circle\" viewbox=\"0 0 512 512\" xmlns=\"http:\/\/www.w3.org\/2000\/svg\"><path d=\"M504 256c0 136.967-111.033 248-248 248S8 392.967 8 256 119.033 8 256 8s248 111.033 248 248zM227.314 387.314l184-184c6.248-6.248 6.248-16.379 0-22.627l-22.627-22.627c-6.248-6.249-16.379-6.249-22.628 0L216 308.118l-70.059-70.059c-6.248-6.248-16.379-6.248-22.628 0l-22.627 22.627c-6.248 6.248-6.248 16.379 0 22.627l104 104c6.249 6.249 16.379 6.249 22.628.001z\"><\/path><\/svg>\t\t\t\t\t\t<\/span>\n\t\t\t\t\t\t\t\t\t\t<span class=\"elementor-icon-list-text\">\u00bfEst\u00e1s buscando una pieza especial y no la encuentras? En Doitopia te ayudamos a dar con ese mueble personalizado, \u00fanico que encaje a la perfecci\u00f3n con tu espacio y estilo.<\/span>\n\t\t\t\t\t\t\t\t\t<\/li>\n\t\t\t\t\t\t\t\t<li class=\"elementor-icon-list-item\">\n\t\t\t\t\t\t\t\t\t\t\t<span class=\"elementor-icon-list-icon\">\n\t\t\t\t\t\t\t<svg aria-hidden=\"true\" class=\"e-font-icon-svg e-fas-check-circle\" viewbox=\"0 0 512 512\" xmlns=\"http:\/\/www.w3.org\/2000\/svg\"><path d=\"M504 256c0 136.967-111.033 248-248 248S8 392.967 8 256 119.033 8 256 8s248 111.033 248 248zM227.314 387.314l184-184c6.248-6.248 6.248-16.379 0-22.627l-22.627-22.627c-6.248-6.249-16.379-6.249-22.628 0L216 308.118l-70.059-70.059c-6.248-6.248-16.379-6.248-22.628 0l-22.627 22.627c-6.248 6.248-6.248 16.379 0 22.627l104 104c6.249 6.249 16.379 6.249 22.628.001z\"><\/path><\/svg>\t\t\t\t\t\t<\/span>\n\t\t\t\t\t\t\t\t\t\t<span class=\"elementor-icon-list-text\">\u00bfEst\u00e1s buscando una pieza especial y no la encuentras? En Doitopia te ayudamos a dar con ese mueble personalizado, \u00fanico que encaje a la perfecci\u00f3n con tu espacio y estilo.<\/span>\n\t\t\t\t\t\t\t\t\t<\/li>\n\t\t\t\t\t\t\t\t<li class=\"elementor-icon-list-item\">\n\t\t\t\t\t\t\t\t\t\t\t<span class=\"elementor-icon-list-icon\">\n\t\t\t\t\t\t\t<svg aria-hidden=\"true\" class=\"e-font-icon-svg e-fas-check-circle\" viewbox=\"0 0 512 512\" xmlns=\"http:\/\/www.w3.org\/2000\/svg\"><path d=\"M504 256c0 136.967-111.033 248-248 248S8 392.967 8 256 119.033 8 256 8s248 111.033 248 248zM227.314 387.314l184-184c6.248-6.248 6.248-16.379 0-22.627l-22.627-22.627c-6.248-6.249-16.379-6.249-22.628 0L216 308.118l-70.059-70.059c-6.248-6.248-16.379-6.248-22.628 0l-22.627 22.627c-6.248 6.248-6.248 16.379 0 22.627l104 104c6.249 6.249 16.379 6.249 22.628.001z\"><\/path><\/svg>\t\t\t\t\t\t<\/span>\n\t\t\t\t\t\t\t\t\t\t<span class=\"elementor-icon-list-text\">Servicio de b\u00fasqueda a medida de muebles vintage, antiguo con potencial para ser restaurado o bien contempor\u00e1neo con potencial para ser transformado.<\/span>\n\t\t\t\t\t\t\t\t\t<\/li>\n\t\t\t\t\t\t\t\t<li class=\"elementor-icon-list-item\">\n\t\t\t\t\t\t\t\t\t\t\t<span class=\"elementor-icon-list-icon\">\n\t\t\t\t\t\t\t<svg aria-hidden=\"true\" class=\"e-font-icon-svg e-fas-check-circle\" viewbox=\"0 0 512 512\" xmlns=\"http:\/\/www.w3.org\/2000\/svg\"><path d=\"M504 256c0 136.967-111.033 248-248 248S8 392.967 8 256 119.033 8 256 8s248 111.033 248 248zM227.314 387.314l184-184c6.248-6.248 6.248-16.379 0-22.627l-22.627-22.627c-6.248-6.249-16.379-6.249-22.628 0L216 308.118l-70.059-70.059c-6.248-6.248-16.379-6.248-22.628 0l-22.627 22.627c-6.248 6.248-6.248 16.379 0 22.627l104 104c6.249 6.249 16.379 6.249 22.628.001z\"><\/path><\/svg>\t\t\t\t\t\t<\/span>\n\t\t\t\t\t\t\t\t\t\t<span class=\"elementor-icon-list-text\">Seleccionamos cuidadosamente cada pieza teniendo en cuenta tus necesidades est\u00e9ticas, funcionales y de presupuesto.<\/span>\n\t\t\t\t\t\t\t\t\t<\/li>\n\t\t\t\t\t\t\t\t<li class=\"elementor-icon-list-item\">\n\t\t\t\t\t\t\t\t\t\t\t<span class=\"elementor-icon-list-icon\">\n\t\t\t\t\t\t\t<svg aria-hidden=\"true\" class=\"e-font-icon-svg e-fas-check-circle\" viewbox=\"0 0 512 512\" xmlns=\"http:\/\/www.w3.org\/2000\/svg\"><path d=\"M504 256c0 136.967-111.033 248-248 248S8 392.967 8 256 119.033 8 256 8s248 111.033 248 248zM227.314 387.314l184-184c6.248-6.248 6.248-16.379 0-22.627l-22.627-22.627c-6.248-6.249-16.379-6.249-22.628 0L216 308.118l-70.059-70.059c-6.248-6.248-16.379-6.248-22.628 0l-22.627 22.627c-6.248 6.248-6.248 16.379 0 22.627l104 104c6.249 6.249 16.379 6.249 22.628.001z\"><\/path><\/svg>\t\t\t\t\t\t<\/span>\n\t\t\t\t\t\t\t\t\t\t<span class=\"elementor-icon-list-text\">Te acompa\u00f1amos en todo el proceso: desde la b\u00fasqueda y propuesta hasta la personalizaci\u00f3n-restauraci\u00f3n de muebles y la entrega final.<\/span>\n\t\t\t\t\t\t\t\t\t<\/li>\n\t\t\t\t\t\t<\/ul>\n\t\t\t\t\t\t<\/div>\n\t\t\t\t<div class=\"elementor-element elementor-element-17ee6a1 elementor-widget elementor-widget-button\" data-id=\"17ee6a1\" data-element_type=\"widget\" data-widget_type=\"button.default\">\n\t\t\t\t\t\t\t\t\t\t<a class=\"elementor-button elementor-button-link elementor-size-sm\" href=\"\/en\/contacto\/\">\n\t\t\t\t\t\t<span class=\"elementor-button-content-wrapper\">\n\t\t\t\t\t\t\t\t\t<span class=\"elementor-button-text\">Contacto<\/span>\n\t\t\t\t\t<\/span>\n\t\t\t\t\t<\/a>\n\t\t\t\t\t\t\t\t<\/div>\n\t\t\t\t<\/div>\n\t\t<div class=\"elementor-element elementor-element-84825e5 e-con-full e-flex e-con e-child\" data-id=\"84825e5\" data-element_type=\"container\">\n\t\t\t\t<div class=\"elementor-element elementor-element-b34e0c9 elementor-hidden-desktop elementor-widget elementor-widget-heading\" data-id=\"b34e0c9\" data-element_type=\"widget\" data-widget_type=\"heading.default\">\n\t\t\t\t\t<h2 class=\"elementor-heading-title elementor-size-default\">\u00bfQu\u00e9 ofrecemos?\n<\/h2>\t\t\t\t<\/div>\n\t\t\t\t<div class=\"elementor-element elementor-element-c35b690 elementor-hidden-desktop elementor-widget elementor-widget-heading\" data-id=\"c35b690\" data-element_type=\"widget\" data-widget_type=\"heading.default\">\n\t\t\t\t\t<h2 class=\"elementor-heading-title elementor-size-default\">B\u00fasqueda Personalizada de Mobiliario\n<\/h2>\t\t\t\t<\/div>\n\t\t\t\t<div class=\"elementor-element elementor-element-3a0772d elementor-widget__width-initial elementor-widget elementor-widget-image\" data-id=\"3a0772d\" data-element_type=\"widget\" data-widget_type=\"image.default\">\n\t\t\t\t\t\t\t\t\t\t\t\t\t\t\t<img fetchpriority=\"high\" decoding=\"async\" width=\"800\" height=\"899\" src=\"https:\/\/doitopia.com\/wp-content\/uploads\/2026\/01\/Busqueda-Personalizada-de-Mobiliario-1.png\" class=\"attachment-large size-large wp-image-663\" alt=\"\" srcset=\"https:\/\/doitopia.com\/wp-content\/uploads\/2026\/01\/Busqueda-Personalizada-de-Mobiliario-1.png 912w, https:\/\/doitopia.com\/wp-content\/uploads\/2026\/01\/Busqueda-Personalizada-de-Mobiliario-1-267x300.png 267w, https:\/\/doitopia.com\/wp-content\/uploads\/2026\/01\/Busqueda-Personalizada-de-Mobiliario-1-768x863.png 768w, https:\/\/doitopia.com\/wp-content\/uploads\/2026\/01\/Busqueda-Personalizada-de-Mobiliario-1-11x12.png 11w, https:\/\/doitopia.com\/wp-content\/uploads\/2026\/01\/Busqueda-Personalizada-de-Mobiliario-1-600x674.png 600w\" sizes=\"(max-width: 800px) 100vw, 800px\" \/>\t\t\t\t\t\t\t\t\t\t\t\t\t\t\t<\/div>\n\t\t\t\t<\/div>\n\t\t\t\t\t<\/div>\n\t\t\t\t<\/div>\n\t\t\t\t<\/div>","protected":false},"excerpt":{"rendered":"<p>\u00bfQu\u00e9 ofrecemos? B\u00fasqueda Personalizada de Mobiliario \u00bfEst\u00e1s buscando una pieza especial y no la encuentras? En Doitopia te ayudamos a dar con ese mueble personalizado, \u00fanico que encaje a la perfecci\u00f3n con tu espacio y estilo. \u00bfEst\u00e1s buscando una pieza especial y no la encuentras? En Doitopia te ayudamos a dar con ese mueble personalizado, [&hellip;]<\/p>","protected":false},"author":1,"featured_media":0,"parent":0,"menu_order":0,"comment_status":"closed","ping_status":"closed","template":"elementor_header_footer","meta":{"footnotes":""},"class_list":["post-778","page","type-page","status-publish","hentry"],"yoast_head":"<!-- This site is optimized with the Yoast SEO plugin v26.7 - https:\/\/yoast.com\/wordpress\/plugins\/seo\/ -->\n<title>b\u00fasqueda personalizada de mobiliario - doitopia.com<\/title>\n<meta name=\"robots\" content=\"index, follow, max-snippet:-1, max-image-preview:large, max-video-preview:-1\" \/>\n<link rel=\"canonical\" href=\"https:\/\/doitopia.com\/en\/busqueda-personalizada-de-mobiliario\/\" \/>\n<meta property=\"og:locale\" content=\"en_US\" \/>\n<meta property=\"og:type\" content=\"article\" \/>\n<meta property=\"og:title\" content=\"b\u00fasqueda personalizada de mobiliario - doitopia.com\" \/>\n<meta property=\"og:description\" content=\"\u00bfQu\u00e9 ofrecemos? B\u00fasqueda Personalizada de Mobiliario \u00bfEst\u00e1s buscando una pieza especial y no la encuentras? En Doitopia te ayudamos a dar con ese mueble personalizado, \u00fanico que encaje a la perfecci\u00f3n con tu espacio y estilo. \u00bfEst\u00e1s buscando una pieza especial y no la encuentras? En Doitopia te ayudamos a dar con ese mueble personalizado, [&hellip;]\" \/>\n<meta property=\"og:url\" content=\"https:\/\/doitopia.com\/en\/busqueda-personalizada-de-mobiliario\/\" \/>\n<meta property=\"og:site_name\" content=\"doitopia.com\" \/>\n<meta property=\"article:modified_time\" content=\"2026-02-03T15:26:51+00:00\" \/>\n<meta property=\"og:image\" content=\"https:\/\/doitopia.com\/wp-content\/uploads\/2026\/01\/Busqueda-Personalizada-de-Mobiliario-1.png\" \/>\n\t<meta property=\"og:image:width\" content=\"912\" \/>\n\t<meta property=\"og:image:height\" content=\"1025\" \/>\n\t<meta property=\"og:image:type\" content=\"image\/png\" \/>\n<meta name=\"twitter:card\" content=\"summary_large_image\" \/>\n<meta name=\"twitter:label1\" content=\"Est. reading time\" \/>\n\t<meta name=\"twitter:data1\" content=\"1 minute\" \/>\n<script type=\"application\/ld+json\" class=\"yoast-schema-graph\">{\"@context\":\"https:\/\/schema.org\",\"@graph\":[{\"@type\":\"WebPage\",\"@id\":\"https:\/\/doitopia.com\/busqueda-personalizada-de-mobiliario\/\",\"url\":\"https:\/\/doitopia.com\/busqueda-personalizada-de-mobiliario\/\",\"name\":\"b\u00fasqueda personalizada de mobiliario - doitopia.com\",\"isPartOf\":{\"@id\":\"https:\/\/doitopia.com\/#website\"},\"primaryImageOfPage\":{\"@id\":\"https:\/\/doitopia.com\/busqueda-personalizada-de-mobiliario\/#primaryimage\"},\"image\":{\"@id\":\"https:\/\/doitopia.com\/busqueda-personalizada-de-mobiliario\/#primaryimage\"},\"thumbnailUrl\":\"https:\/\/doitopia.com\/wp-content\/uploads\/2026\/01\/Busqueda-Personalizada-de-Mobiliario-1.png\",\"datePublished\":\"2026-01-26T10:28:11+00:00\",\"dateModified\":\"2026-02-03T15:26:51+00:00\",\"breadcrumb\":{\"@id\":\"https:\/\/doitopia.com\/busqueda-personalizada-de-mobiliario\/#breadcrumb\"},\"inLanguage\":\"en-US\",\"potentialAction\":[{\"@type\":\"ReadAction\",\"target\":[\"https:\/\/doitopia.com\/busqueda-personalizada-de-mobiliario\/\"]}]},{\"@type\":\"ImageObject\",\"inLanguage\":\"en-US\",\"@id\":\"https:\/\/doitopia.com\/busqueda-personalizada-de-mobiliario\/#primaryimage\",\"url\":\"https:\/\/doitopia.com\/wp-content\/uploads\/2026\/01\/Busqueda-Personalizada-de-Mobiliario-1.png\",\"contentUrl\":\"https:\/\/doitopia.com\/wp-content\/uploads\/2026\/01\/Busqueda-Personalizada-de-Mobiliario-1.png\"},{\"@type\":\"BreadcrumbList\",\"@id\":\"https:\/\/doitopia.com\/busqueda-personalizada-de-mobiliario\/#breadcrumb\",\"itemListElement\":[{\"@type\":\"ListItem\",\"position\":1,\"name\":\"Home\",\"item\":\"https:\/\/doitopia.com\/\"},{\"@type\":\"ListItem\",\"position\":2,\"name\":\"b\u00fasqueda personalizada de mobiliario\"}]},{\"@type\":\"WebSite\",\"@id\":\"https:\/\/doitopia.com\/#website\",\"url\":\"https:\/\/doitopia.com\/\",\"name\":\"doitopia.com\",\"description\":\"\",\"publisher\":{\"@id\":\"https:\/\/doitopia.com\/#organization\"},\"potentialAction\":[{\"@type\":\"SearchAction\",\"target\":{\"@type\":\"EntryPoint\",\"urlTemplate\":\"https:\/\/doitopia.com\/?s={search_term_string}\"},\"query-input\":{\"@type\":\"PropertyValueSpecification\",\"valueRequired\":true,\"valueName\":\"search_term_string\"}}],\"inLanguage\":\"en-US\"},{\"@type\":\"Organization\",\"@id\":\"https:\/\/doitopia.com\/#organization\",\"name\":\"doitopia.com\",\"url\":\"https:\/\/doitopia.com\/\",\"logo\":{\"@type\":\"ImageObject\",\"inLanguage\":\"en-US\",\"@id\":\"https:\/\/doitopia.com\/#\/schema\/logo\/image\/\",\"url\":\"https:\/\/doitopia.com\/wp-content\/uploads\/2026\/01\/logo-DOITOPIA-sin-fondo-1.png\",\"contentUrl\":\"https:\/\/doitopia.com\/wp-content\/uploads\/2026\/01\/logo-DOITOPIA-sin-fondo-1.png\",\"width\":721,\"height\":639,\"caption\":\"doitopia.com\"},\"image\":{\"@id\":\"https:\/\/doitopia.com\/#\/schema\/logo\/image\/\"}}]}<\/script>\n<!-- \/ Yoast SEO plugin. -->","yoast_head_json":{"title":"b\u00fasqueda personalizada de mobiliario - doitopia.com","robots":{"index":"index","follow":"follow","max-snippet":"max-snippet:-1","max-image-preview":"max-image-preview:large","max-video-preview":"max-video-preview:-1"},"canonical":"https:\/\/doitopia.com\/en\/busqueda-personalizada-de-mobiliario\/","og_locale":"en_US","og_type":"article","og_title":"b\u00fasqueda personalizada de mobiliario - doitopia.com","og_description":"\u00bfQu\u00e9 ofrecemos? B\u00fasqueda Personalizada de Mobiliario \u00bfEst\u00e1s buscando una pieza especial y no la encuentras? En Doitopia te ayudamos a dar con ese mueble personalizado, \u00fanico que encaje a la perfecci\u00f3n con tu espacio y estilo. \u00bfEst\u00e1s buscando una pieza especial y no la encuentras? En Doitopia te ayudamos a dar con ese mueble personalizado, [&hellip;]","og_url":"https:\/\/doitopia.com\/en\/busqueda-personalizada-de-mobiliario\/","og_site_name":"doitopia.com","article_modified_time":"2026-02-03T15:26:51+00:00","og_image":[{"width":912,"height":1025,"url":"https:\/\/doitopia.com\/wp-content\/uploads\/2026\/01\/Busqueda-Personalizada-de-Mobiliario-1.png","type":"image\/png"}],"twitter_card":"summary_large_image","twitter_misc":{"Est. reading time":"1 minute"},"schema":{"@context":"https:\/\/schema.org","@graph":[{"@type":"WebPage","@id":"https:\/\/doitopia.com\/busqueda-personalizada-de-mobiliario\/","url":"https:\/\/doitopia.com\/busqueda-personalizada-de-mobiliario\/","name":"b\u00fasqueda personalizada de mobiliario - doitopia.com","isPartOf":{"@id":"https:\/\/doitopia.com\/#website"},"primaryImageOfPage":{"@id":"https:\/\/doitopia.com\/busqueda-personalizada-de-mobiliario\/#primaryimage"},"image":{"@id":"https:\/\/doitopia.com\/busqueda-personalizada-de-mobiliario\/#primaryimage"},"thumbnailUrl":"https:\/\/doitopia.com\/wp-content\/uploads\/2026\/01\/Busqueda-Personalizada-de-Mobiliario-1.png","datePublished":"2026-01-26T10:28:11+00:00","dateModified":"2026-02-03T15:26:51+00:00","breadcrumb":{"@id":"https:\/\/doitopia.com\/busqueda-personalizada-de-mobiliario\/#breadcrumb"},"inLanguage":"en-US","potentialAction":[{"@type":"ReadAction","target":["https:\/\/doitopia.com\/busqueda-personalizada-de-mobiliario\/"]}]},{"@type":"ImageObject","inLanguage":"en-US","@id":"https:\/\/doitopia.com\/busqueda-personalizada-de-mobiliario\/#primaryimage","url":"https:\/\/doitopia.com\/wp-content\/uploads\/2026\/01\/Busqueda-Personalizada-de-Mobiliario-1.png","contentUrl":"https:\/\/doitopia.com\/wp-content\/uploads\/2026\/01\/Busqueda-Personalizada-de-Mobiliario-1.png"},{"@type":"BreadcrumbList","@id":"https:\/\/doitopia.com\/busqueda-personalizada-de-mobiliario\/#breadcrumb","itemListElement":[{"@type":"ListItem","position":1,"name":"Home","item":"https:\/\/doitopia.com\/"},{"@type":"ListItem","position":2,"name":"b\u00fasqueda personalizada de mobiliario"}]},{"@type":"WebSite","@id":"https:\/\/doitopia.com\/#website","url":"https:\/\/doitopia.com\/","name":"doitopia.com","description":"","publisher":{"@id":"https:\/\/doitopia.com\/#organization"},"potentialAction":[{"@type":"SearchAction","target":{"@type":"EntryPoint","urlTemplate":"https:\/\/doitopia.com\/?s={search_term_string}"},"query-input":{"@type":"PropertyValueSpecification","valueRequired":true,"valueName":"search_term_string"}}],"inLanguage":"en-US"},{"@type":"Organization","@id":"https:\/\/doitopia.com\/#organization","name":"doitopia.com","url":"https:\/\/doitopia.com\/","logo":{"@type":"ImageObject","inLanguage":"en-US","@id":"https:\/\/doitopia.com\/#\/schema\/logo\/image\/","url":"https:\/\/doitopia.com\/wp-content\/uploads\/2026\/01\/logo-DOITOPIA-sin-fondo-1.png","contentUrl":"https:\/\/doitopia.com\/wp-content\/uploads\/2026\/01\/logo-DOITOPIA-sin-fondo-1.png","width":721,"height":639,"caption":"doitopia.com"},"image":{"@id":"https:\/\/doitopia.com\/#\/schema\/logo\/image\/"}}]}},"_links":{"self":[{"href":"https:\/\/doitopia.com\/en\/wp-json\/wp\/v2\/pages\/778","targetHints":{"allow":["GET"]}}],"collection":[{"href":"https:\/\/doitopia.com\/en\/wp-json\/wp\/v2\/pages"}],"about":[{"href":"https:\/\/doitopia.com\/en\/wp-json\/wp\/v2\/types\/page"}],"author":[{"embeddable":true,"href":"https:\/\/doitopia.com\/en\/wp-json\/wp\/v2\/users\/1"}],"replies":[{"embeddable":true,"href":"https:\/\/doitopia.com\/en\/wp-json\/wp\/v2\/comments?post=778"}],"version-history":[{"count":20,"href":"https:\/\/doitopia.com\/en\/wp-json\/wp\/v2\/pages\/778\/revisions"}],"predecessor-version":[{"id":952,"href":"https:\/\/doitopia.com\/en\/wp-json\/wp\/v2\/pages\/778\/revisions\/952"}],"wp:attachment":[{"href":"https:\/\/doitopia.com\/en\/wp-json\/wp\/v2\/media?parent=778"}],"curies":[{"name":"wp","href":"https:\/\/api.w.org\/{rel}","templated":true}]}}