{"id":788,"date":"2026-01-26T10:33:50","date_gmt":"2026-01-26T10:33:50","guid":{"rendered":"https:\/\/doitopia.com\/?page_id=788"},"modified":"2026-02-09T10:53:03","modified_gmt":"2026-02-09T10:53:03","slug":"alquiler-de-muebles-con-alma","status":"publish","type":"page","link":"https:\/\/doitopia.com\/en\/alquiler-de-muebles-con-alma\/","title":{"rendered":"alquiler de muebles con alma"},"content":{"rendered":"<div data-elementor-type=\"wp-page\" data-elementor-id=\"788\" class=\"elementor elementor-788\" data-elementor-post-type=\"page\">\n\t\t\t\t<div class=\"elementor-element elementor-element-fbe276c e-flex e-con-boxed e-con e-parent\" data-id=\"fbe276c\" data-element_type=\"container\" data-settings=\"{&quot;background_background&quot;:&quot;classic&quot;}\">\n\t\t\t\t\t<div class=\"e-con-inner\">\n\t\t<div class=\"elementor-element elementor-element-2ef4ed7 e-con-full e-flex e-con e-child\" data-id=\"2ef4ed7\" data-element_type=\"container\">\n\t\t\t\t<div class=\"elementor-element elementor-element-06fa0f9 elementor-hidden-tablet elementor-hidden-mobile elementor-widget elementor-widget-heading\" data-id=\"06fa0f9\" data-element_type=\"widget\" data-widget_type=\"heading.default\">\n\t\t\t\t\t<h2 class=\"elementor-heading-title elementor-size-default\">\u00bfQu\u00e9 ofrecemos?\n<\/h2>\t\t\t\t<\/div>\n\t\t\t\t<div class=\"elementor-element elementor-element-dd741a1 elementor-widget elementor-widget-heading\" data-id=\"dd741a1\" data-element_type=\"widget\" data-widget_type=\"heading.default\">\n\t\t\t\t\t<h2 class=\"elementor-heading-title elementor-size-default\">Alquiler de muebles con alma\n<\/h2>\t\t\t\t<\/div>\n\t\t\t\t<div class=\"elementor-element elementor-element-f702f22 elementor-widget__width-initial elementor-widget elementor-widget-text-editor\" data-id=\"f702f22\" data-element_type=\"widget\" data-widget_type=\"text-editor.default\">\n\t\t\t\t\t\t\t\t\t<p>\u00bfNecesitas un mueble especial por un tiempo limitado? En Doitopia tambi\u00e9n alquilamos nuestras piezas restauradas para que puedas dar un toque \u00fanico y con alma a cualquier ocasi\u00f3n.<\/p>\t\t\t\t\t\t\t\t<\/div>\n\t\t\t\t<div class=\"elementor-element elementor-element-405f8b0 elementor-widget elementor-widget-button\" data-id=\"405f8b0\" data-element_type=\"widget\" data-widget_type=\"button.default\">\n\t\t\t\t\t\t\t\t\t\t<a class=\"elementor-button elementor-button-link elementor-size-sm\" href=\"\/en\/contacto\/\">\n\t\t\t\t\t\t<span class=\"elementor-button-content-wrapper\">\n\t\t\t\t\t\t\t\t\t<span class=\"elementor-button-text\">Contacto<\/span>\n\t\t\t\t\t<\/span>\n\t\t\t\t\t<\/a>\n\t\t\t\t\t\t\t\t<\/div>\n\t\t\t\t<\/div>\n\t\t<div class=\"elementor-element elementor-element-60212e7 e-con-full e-flex e-con e-child\" data-id=\"60212e7\" data-element_type=\"container\">\n\t\t\t\t<div class=\"elementor-element elementor-element-a03c3d0 elementor-widget__width-initial elementor-widget elementor-widget-image\" data-id=\"a03c3d0\" data-element_type=\"widget\" data-widget_type=\"image.default\">\n\t\t\t\t\t\t\t\t\t\t\t\t\t\t\t<img fetchpriority=\"high\" decoding=\"async\" width=\"800\" height=\"612\" src=\"https:\/\/doitopia.com\/wp-content\/uploads\/2026\/01\/Captura-de-pantalla-2025-10-14-113003.png\" class=\"attachment-large size-large wp-image-171\" alt=\"\" srcset=\"https:\/\/doitopia.com\/wp-content\/uploads\/2026\/01\/Captura-de-pantalla-2025-10-14-113003.png 856w, https:\/\/doitopia.com\/wp-content\/uploads\/2026\/01\/Captura-de-pantalla-2025-10-14-113003-300x230.png 300w, https:\/\/doitopia.com\/wp-content\/uploads\/2026\/01\/Captura-de-pantalla-2025-10-14-113003-768x588.png 768w, https:\/\/doitopia.com\/wp-content\/uploads\/2026\/01\/Captura-de-pantalla-2025-10-14-113003-600x459.png 600w\" sizes=\"(max-width: 800px) 100vw, 800px\" \/>\t\t\t\t\t\t\t\t\t\t\t\t\t\t\t<\/div>\n\t\t\t\t<\/div>\n\t\t\t\t\t<\/div>\n\t\t\t\t<\/div>\n\t\t<div class=\"elementor-element elementor-element-4cb914e e-flex e-con-boxed e-con e-parent\" data-id=\"4cb914e\" data-element_type=\"container\" data-settings=\"{&quot;background_background&quot;:&quot;classic&quot;}\">\n\t\t\t\t\t<div class=\"e-con-inner\">\n\t\t\t\t<div class=\"elementor-element elementor-element-a03978f elementor-widget elementor-widget-text-editor\" data-id=\"a03978f\" data-element_type=\"widget\" data-widget_type=\"text-editor.default\">\n\t\t\t\t\t\t\t\t\t<h5 class=\"elementor-heading-title elementor-size-default\">\u00bfPara qu\u00e9 se pueden alquilar? Nuestros muebles est\u00e1n disponibles para:<\/h5>\t\t\t\t\t\t\t\t<\/div>\n\t\t\t\t\t<\/div>\n\t\t\t\t<\/div>\n\t\t<div class=\"elementor-element elementor-element-70a5828 e-flex e-con-boxed e-con e-parent\" data-id=\"70a5828\" data-element_type=\"container\" data-settings=\"{&quot;background_background&quot;:&quot;classic&quot;}\">\n\t\t\t\t\t<div class=\"e-con-inner\">\n\t\t<div class=\"elementor-element elementor-element-5dbdbb5 e-grid e-con-full e-con e-child\" data-id=\"5dbdbb5\" data-element_type=\"container\">\n\t\t<div class=\"elementor-element elementor-element-3d67f95 e-con-full e-flex e-con e-child\" data-id=\"3d67f95\" data-element_type=\"container\" data-settings=\"{&quot;background_background&quot;:&quot;classic&quot;}\">\n\t\t\t\t<div class=\"elementor-element elementor-element-1d5a3cf elementor-view-default elementor-position-block-start elementor-mobile-position-block-start elementor-widget elementor-widget-icon-box\" data-id=\"1d5a3cf\" data-element_type=\"widget\" data-widget_type=\"icon-box.default\">\n\t\t\t\t\t\t\t<div class=\"elementor-icon-box-wrapper\">\n\n\t\t\t\t\t\t<div class=\"elementor-icon-box-icon\">\n\t\t\t\t<span  class=\"elementor-icon\">\n\t\t\t\t<i aria-hidden=\"true\" class=\"icon icon-heart-shape-outline\"><\/i>\t\t\t\t<\/span>\n\t\t\t<\/div>\n\t\t\t\n\t\t\t\t\t\t<div class=\"elementor-icon-box-content\">\n\n\t\t\t\t\t\t\t\t\t<h3 class=\"elementor-icon-box-title\">\n\t\t\t\t\t\t<span  >\n\t\t\t\t\t\t\tEventos especiales\t\t\t\t\t\t<\/span>\n\t\t\t\t\t<\/h3>\n\t\t\t\t\n\t\t\t\t\t\t\t\t\t<p class=\"elementor-icon-box-description\">\n\t\t\t\t\t\tBodas, sesiones de fotos, celebraciones.\t\t\t\t\t<\/p>\n\t\t\t\t\n\t\t\t<\/div>\n\t\t\t\n\t\t<\/div>\n\t\t\t\t\t\t<\/div>\n\t\t\t\t<\/div>\n\t\t<div class=\"elementor-element elementor-element-0f8a805 e-con-full e-flex e-con e-child\" data-id=\"0f8a805\" data-element_type=\"container\" data-settings=\"{&quot;background_background&quot;:&quot;classic&quot;}\">\n\t\t\t\t<div class=\"elementor-element elementor-element-b70ecd4 elementor-view-default elementor-position-block-start elementor-mobile-position-block-start elementor-widget elementor-widget-icon-box\" data-id=\"b70ecd4\" data-element_type=\"widget\" data-widget_type=\"icon-box.default\">\n\t\t\t\t\t\t\t<div class=\"elementor-icon-box-wrapper\">\n\n\t\t\t\t\t\t<div class=\"elementor-icon-box-icon\">\n\t\t\t\t<span  class=\"elementor-icon\">\n\t\t\t\t<i aria-hidden=\"true\" class=\"icon icon-video-camera\"><\/i>\t\t\t\t<\/span>\n\t\t\t<\/div>\n\t\t\t\n\t\t\t\t\t\t<div class=\"elementor-icon-box-content\">\n\n\t\t\t\t\t\t\t\t\t<h3 class=\"elementor-icon-box-title\">\n\t\t\t\t\t\t<span  >\n\t\t\t\t\t\t\tRodajes y producciones Audiovisuales\t\t\t\t\t\t<\/span>\n\t\t\t\t\t<\/h3>\n\t\t\t\t\n\t\t\t\t\t\t\t\t\t<p class=\"elementor-icon-box-description\">\n\t\t\t\t\t\tCine, televisi\u00f3n, anuncios.\n\t\t\t\t\t<\/p>\n\t\t\t\t\n\t\t\t<\/div>\n\t\t\t\n\t\t<\/div>\n\t\t\t\t\t\t<\/div>\n\t\t\t\t<\/div>\n\t\t<div class=\"elementor-element elementor-element-05b97b7 e-con-full e-flex e-con e-child\" data-id=\"05b97b7\" data-element_type=\"container\" data-settings=\"{&quot;background_background&quot;:&quot;classic&quot;}\">\n\t\t\t\t<div class=\"elementor-element elementor-element-99c2c85 elementor-view-default elementor-position-block-start elementor-mobile-position-block-start elementor-widget elementor-widget-icon-box\" data-id=\"99c2c85\" data-element_type=\"widget\" data-widget_type=\"icon-box.default\">\n\t\t\t\t\t\t\t<div class=\"elementor-icon-box-wrapper\">\n\n\t\t\t\t\t\t<div class=\"elementor-icon-box-icon\">\n\t\t\t\t<span  class=\"elementor-icon\">\n\t\t\t\t<i aria-hidden=\"true\" class=\"icon icon-shopping-cart2\"><\/i>\t\t\t\t<\/span>\n\t\t\t<\/div>\n\t\t\t\n\t\t\t\t\t\t<div class=\"elementor-icon-box-content\">\n\n\t\t\t\t\t\t\t\t\t<h3 class=\"elementor-icon-box-title\">\n\t\t\t\t\t\t<span  >\n\t\t\t\t\t\t\tEspacios ef\u00edmeros\t\t\t\t\t\t<\/span>\n\t\t\t\t\t<\/h3>\n\t\t\t\t\n\t\t\t\t\t\t\t\t\t<p class=\"elementor-icon-box-description\">\n\t\t\t\t\t\tShowrooms, ferias, escaparatismo.\n\t\t\t\t\t<\/p>\n\t\t\t\t\n\t\t\t<\/div>\n\t\t\t\n\t\t<\/div>\n\t\t\t\t\t\t<\/div>\n\t\t\t\t<\/div>\n\t\t\t\t<\/div>\n\t\t<div class=\"elementor-element elementor-element-8ba165b e-grid e-con-full e-con e-child\" data-id=\"8ba165b\" data-element_type=\"container\">\n\t\t<div class=\"elementor-element elementor-element-35c273b e-con-full e-flex e-con e-child\" data-id=\"35c273b\" data-element_type=\"container\" data-settings=\"{&quot;background_background&quot;:&quot;classic&quot;}\">\n\t\t\t\t<div class=\"elementor-element elementor-element-444584f elementor-view-default elementor-position-block-start elementor-mobile-position-block-start elementor-widget elementor-widget-icon-box\" data-id=\"444584f\" data-element_type=\"widget\" data-widget_type=\"icon-box.default\">\n\t\t\t\t\t\t\t<div class=\"elementor-icon-box-wrapper\">\n\n\t\t\t\t\t\t<div class=\"elementor-icon-box-icon\">\n\t\t\t\t<span  class=\"elementor-icon\">\n\t\t\t\t<i aria-hidden=\"true\" class=\"icon icon-house-2\"><\/i>\t\t\t\t<\/span>\n\t\t\t<\/div>\n\t\t\t\n\t\t\t\t\t\t<div class=\"elementor-icon-box-content\">\n\n\t\t\t\t\t\t\t\t\t<h3 class=\"elementor-icon-box-title\">\n\t\t\t\t\t\t<span  >\n\t\t\t\t\t\t\tInteriorismo y Homestaging\t\t\t\t\t\t<\/span>\n\t\t\t\t\t<\/h3>\n\t\t\t\t\n\t\t\t\t\n\t\t\t<\/div>\n\t\t\t\n\t\t<\/div>\n\t\t\t\t\t\t<\/div>\n\t\t\t\t<\/div>\n\t\t<div class=\"elementor-element elementor-element-7f17c01 e-con-full e-flex e-con e-child\" data-id=\"7f17c01\" data-element_type=\"container\" data-settings=\"{&quot;background_background&quot;:&quot;classic&quot;}\">\n\t\t\t\t<div class=\"elementor-element elementor-element-b88a090 elementor-view-default elementor-position-block-start elementor-mobile-position-block-start elementor-widget elementor-widget-icon-box\" data-id=\"b88a090\" data-element_type=\"widget\" data-widget_type=\"icon-box.default\">\n\t\t\t\t\t\t\t<div class=\"elementor-icon-box-wrapper\">\n\n\t\t\t\t\t\t<div class=\"elementor-icon-box-icon\">\n\t\t\t\t<span  class=\"elementor-icon\">\n\t\t\t\t<i aria-hidden=\"true\" class=\"icon icon-brain\"><\/i>\t\t\t\t<\/span>\n\t\t\t<\/div>\n\t\t\t\n\t\t\t\t\t\t<div class=\"elementor-icon-box-content\">\n\n\t\t\t\t\t\t\t\t\t<h3 class=\"elementor-icon-box-title\">\n\t\t\t\t\t\t<span  >\n\t\t\t\t\t\t\tOtros proyectos creativos o art\u00edsticos\t\t\t\t\t\t<\/span>\n\t\t\t\t\t<\/h3>\n\t\t\t\t\n\t\t\t\t\n\t\t\t<\/div>\n\t\t\t\n\t\t<\/div>\n\t\t\t\t\t\t<\/div>\n\t\t\t\t<\/div>\n\t\t\t\t<\/div>\n\t\t\t\t\t<\/div>\n\t\t\t\t<\/div>\n\t\t\t\t<\/div>","protected":false},"excerpt":{"rendered":"<p>\u00bfQu\u00e9 ofrecemos? Alquiler de muebles con alma \u00bfNecesitas un mueble especial por un tiempo limitado? En Doitopia tambi\u00e9n alquilamos nuestras piezas restauradas para que puedas dar un toque \u00fanico y con alma a cualquier ocasi\u00f3n. Contacto \u00bfPara qu\u00e9 se pueden alquilar? Nuestros muebles est\u00e1n disponibles para: Eventos especiales Bodas, sesiones de fotos, celebraciones. Rodajes y [&hellip;]<\/p>","protected":false},"author":1,"featured_media":0,"parent":0,"menu_order":0,"comment_status":"closed","ping_status":"closed","template":"elementor_header_footer","meta":{"footnotes":""},"class_list":["post-788","page","type-page","status-publish","hentry"],"yoast_head":"<!-- This site is optimized with the Yoast SEO plugin v26.7 - https:\/\/yoast.com\/wordpress\/plugins\/seo\/ -->\n<title>alquiler de muebles con alma - doitopia.com<\/title>\n<meta name=\"robots\" content=\"index, follow, max-snippet:-1, max-image-preview:large, max-video-preview:-1\" \/>\n<link rel=\"canonical\" href=\"https:\/\/doitopia.com\/en\/alquiler-de-muebles-con-alma\/\" \/>\n<meta property=\"og:locale\" content=\"en_US\" \/>\n<meta property=\"og:type\" content=\"article\" \/>\n<meta property=\"og:title\" content=\"alquiler de muebles con alma - doitopia.com\" \/>\n<meta property=\"og:description\" content=\"\u00bfQu\u00e9 ofrecemos? Alquiler de muebles con alma \u00bfNecesitas un mueble especial por un tiempo limitado? En Doitopia tambi\u00e9n alquilamos nuestras piezas restauradas para que puedas dar un toque \u00fanico y con alma a cualquier ocasi\u00f3n. Contacto \u00bfPara qu\u00e9 se pueden alquilar? Nuestros muebles est\u00e1n disponibles para: Eventos especiales Bodas, sesiones de fotos, celebraciones. Rodajes y [&hellip;]\" \/>\n<meta property=\"og:url\" content=\"https:\/\/doitopia.com\/en\/alquiler-de-muebles-con-alma\/\" \/>\n<meta property=\"og:site_name\" content=\"doitopia.com\" \/>\n<meta property=\"article:modified_time\" content=\"2026-02-09T10:53:03+00:00\" \/>\n<meta property=\"og:image\" content=\"https:\/\/doitopia.com\/wp-content\/uploads\/2026\/01\/Captura-de-pantalla-2025-10-14-113003.png\" \/>\n\t<meta property=\"og:image:width\" content=\"856\" \/>\n\t<meta property=\"og:image:height\" content=\"655\" \/>\n\t<meta property=\"og:image:type\" content=\"image\/png\" \/>\n<meta name=\"twitter:card\" content=\"summary_large_image\" \/>\n<meta name=\"twitter:label1\" content=\"Est. reading time\" \/>\n\t<meta name=\"twitter:data1\" content=\"1 minute\" \/>\n<script type=\"application\/ld+json\" class=\"yoast-schema-graph\">{\"@context\":\"https:\/\/schema.org\",\"@graph\":[{\"@type\":\"WebPage\",\"@id\":\"https:\/\/doitopia.com\/alquiler-de-muebles-con-alma\/\",\"url\":\"https:\/\/doitopia.com\/alquiler-de-muebles-con-alma\/\",\"name\":\"alquiler de muebles con alma - doitopia.com\",\"isPartOf\":{\"@id\":\"https:\/\/doitopia.com\/#website\"},\"primaryImageOfPage\":{\"@id\":\"https:\/\/doitopia.com\/alquiler-de-muebles-con-alma\/#primaryimage\"},\"image\":{\"@id\":\"https:\/\/doitopia.com\/alquiler-de-muebles-con-alma\/#primaryimage\"},\"thumbnailUrl\":\"https:\/\/doitopia.com\/wp-content\/uploads\/2026\/01\/Captura-de-pantalla-2025-10-14-113003.png\",\"datePublished\":\"2026-01-26T10:33:50+00:00\",\"dateModified\":\"2026-02-09T10:53:03+00:00\",\"breadcrumb\":{\"@id\":\"https:\/\/doitopia.com\/alquiler-de-muebles-con-alma\/#breadcrumb\"},\"inLanguage\":\"en-US\",\"potentialAction\":[{\"@type\":\"ReadAction\",\"target\":[\"https:\/\/doitopia.com\/alquiler-de-muebles-con-alma\/\"]}]},{\"@type\":\"ImageObject\",\"inLanguage\":\"en-US\",\"@id\":\"https:\/\/doitopia.com\/alquiler-de-muebles-con-alma\/#primaryimage\",\"url\":\"https:\/\/doitopia.com\/wp-content\/uploads\/2026\/01\/Captura-de-pantalla-2025-10-14-113003.png\",\"contentUrl\":\"https:\/\/doitopia.com\/wp-content\/uploads\/2026\/01\/Captura-de-pantalla-2025-10-14-113003.png\"},{\"@type\":\"BreadcrumbList\",\"@id\":\"https:\/\/doitopia.com\/alquiler-de-muebles-con-alma\/#breadcrumb\",\"itemListElement\":[{\"@type\":\"ListItem\",\"position\":1,\"name\":\"Home\",\"item\":\"https:\/\/doitopia.com\/\"},{\"@type\":\"ListItem\",\"position\":2,\"name\":\"alquiler de muebles con alma\"}]},{\"@type\":\"WebSite\",\"@id\":\"https:\/\/doitopia.com\/#website\",\"url\":\"https:\/\/doitopia.com\/\",\"name\":\"doitopia.com\",\"description\":\"\",\"publisher\":{\"@id\":\"https:\/\/doitopia.com\/#organization\"},\"potentialAction\":[{\"@type\":\"SearchAction\",\"target\":{\"@type\":\"EntryPoint\",\"urlTemplate\":\"https:\/\/doitopia.com\/?s={search_term_string}\"},\"query-input\":{\"@type\":\"PropertyValueSpecification\",\"valueRequired\":true,\"valueName\":\"search_term_string\"}}],\"inLanguage\":\"en-US\"},{\"@type\":\"Organization\",\"@id\":\"https:\/\/doitopia.com\/#organization\",\"name\":\"doitopia.com\",\"url\":\"https:\/\/doitopia.com\/\",\"logo\":{\"@type\":\"ImageObject\",\"inLanguage\":\"en-US\",\"@id\":\"https:\/\/doitopia.com\/#\/schema\/logo\/image\/\",\"url\":\"https:\/\/doitopia.com\/wp-content\/uploads\/2026\/01\/logo-DOITOPIA-sin-fondo-1.png\",\"contentUrl\":\"https:\/\/doitopia.com\/wp-content\/uploads\/2026\/01\/logo-DOITOPIA-sin-fondo-1.png\",\"width\":721,\"height\":639,\"caption\":\"doitopia.com\"},\"image\":{\"@id\":\"https:\/\/doitopia.com\/#\/schema\/logo\/image\/\"}}]}<\/script>\n<!-- \/ Yoast SEO plugin. -->","yoast_head_json":{"title":"alquiler de muebles con alma - doitopia.com","robots":{"index":"index","follow":"follow","max-snippet":"max-snippet:-1","max-image-preview":"max-image-preview:large","max-video-preview":"max-video-preview:-1"},"canonical":"https:\/\/doitopia.com\/en\/alquiler-de-muebles-con-alma\/","og_locale":"en_US","og_type":"article","og_title":"alquiler de muebles con alma - doitopia.com","og_description":"\u00bfQu\u00e9 ofrecemos? Alquiler de muebles con alma \u00bfNecesitas un mueble especial por un tiempo limitado? En Doitopia tambi\u00e9n alquilamos nuestras piezas restauradas para que puedas dar un toque \u00fanico y con alma a cualquier ocasi\u00f3n. Contacto \u00bfPara qu\u00e9 se pueden alquilar? Nuestros muebles est\u00e1n disponibles para: Eventos especiales Bodas, sesiones de fotos, celebraciones. Rodajes y [&hellip;]","og_url":"https:\/\/doitopia.com\/en\/alquiler-de-muebles-con-alma\/","og_site_name":"doitopia.com","article_modified_time":"2026-02-09T10:53:03+00:00","og_image":[{"width":856,"height":655,"url":"https:\/\/doitopia.com\/wp-content\/uploads\/2026\/01\/Captura-de-pantalla-2025-10-14-113003.png","type":"image\/png"}],"twitter_card":"summary_large_image","twitter_misc":{"Est. reading time":"1 minute"},"schema":{"@context":"https:\/\/schema.org","@graph":[{"@type":"WebPage","@id":"https:\/\/doitopia.com\/alquiler-de-muebles-con-alma\/","url":"https:\/\/doitopia.com\/alquiler-de-muebles-con-alma\/","name":"alquiler de muebles con alma - doitopia.com","isPartOf":{"@id":"https:\/\/doitopia.com\/#website"},"primaryImageOfPage":{"@id":"https:\/\/doitopia.com\/alquiler-de-muebles-con-alma\/#primaryimage"},"image":{"@id":"https:\/\/doitopia.com\/alquiler-de-muebles-con-alma\/#primaryimage"},"thumbnailUrl":"https:\/\/doitopia.com\/wp-content\/uploads\/2026\/01\/Captura-de-pantalla-2025-10-14-113003.png","datePublished":"2026-01-26T10:33:50+00:00","dateModified":"2026-02-09T10:53:03+00:00","breadcrumb":{"@id":"https:\/\/doitopia.com\/alquiler-de-muebles-con-alma\/#breadcrumb"},"inLanguage":"en-US","potentialAction":[{"@type":"ReadAction","target":["https:\/\/doitopia.com\/alquiler-de-muebles-con-alma\/"]}]},{"@type":"ImageObject","inLanguage":"en-US","@id":"https:\/\/doitopia.com\/alquiler-de-muebles-con-alma\/#primaryimage","url":"https:\/\/doitopia.com\/wp-content\/uploads\/2026\/01\/Captura-de-pantalla-2025-10-14-113003.png","contentUrl":"https:\/\/doitopia.com\/wp-content\/uploads\/2026\/01\/Captura-de-pantalla-2025-10-14-113003.png"},{"@type":"BreadcrumbList","@id":"https:\/\/doitopia.com\/alquiler-de-muebles-con-alma\/#breadcrumb","itemListElement":[{"@type":"ListItem","position":1,"name":"Home","item":"https:\/\/doitopia.com\/"},{"@type":"ListItem","position":2,"name":"alquiler de muebles con alma"}]},{"@type":"WebSite","@id":"https:\/\/doitopia.com\/#website","url":"https:\/\/doitopia.com\/","name":"doitopia.com","description":"","publisher":{"@id":"https:\/\/doitopia.com\/#organization"},"potentialAction":[{"@type":"SearchAction","target":{"@type":"EntryPoint","urlTemplate":"https:\/\/doitopia.com\/?s={search_term_string}"},"query-input":{"@type":"PropertyValueSpecification","valueRequired":true,"valueName":"search_term_string"}}],"inLanguage":"en-US"},{"@type":"Organization","@id":"https:\/\/doitopia.com\/#organization","name":"doitopia.com","url":"https:\/\/doitopia.com\/","logo":{"@type":"ImageObject","inLanguage":"en-US","@id":"https:\/\/doitopia.com\/#\/schema\/logo\/image\/","url":"https:\/\/doitopia.com\/wp-content\/uploads\/2026\/01\/logo-DOITOPIA-sin-fondo-1.png","contentUrl":"https:\/\/doitopia.com\/wp-content\/uploads\/2026\/01\/logo-DOITOPIA-sin-fondo-1.png","width":721,"height":639,"caption":"doitopia.com"},"image":{"@id":"https:\/\/doitopia.com\/#\/schema\/logo\/image\/"}}]}},"_links":{"self":[{"href":"https:\/\/doitopia.com\/en\/wp-json\/wp\/v2\/pages\/788","targetHints":{"allow":["GET"]}}],"collection":[{"href":"https:\/\/doitopia.com\/en\/wp-json\/wp\/v2\/pages"}],"about":[{"href":"https:\/\/doitopia.com\/en\/wp-json\/wp\/v2\/types\/page"}],"author":[{"embeddable":true,"href":"https:\/\/doitopia.com\/en\/wp-json\/wp\/v2\/users\/1"}],"replies":[{"embeddable":true,"href":"https:\/\/doitopia.com\/en\/wp-json\/wp\/v2\/comments?post=788"}],"version-history":[{"count":44,"href":"https:\/\/doitopia.com\/en\/wp-json\/wp\/v2\/pages\/788\/revisions"}],"predecessor-version":[{"id":1007,"href":"https:\/\/doitopia.com\/en\/wp-json\/wp\/v2\/pages\/788\/revisions\/1007"}],"wp:attachment":[{"href":"https:\/\/doitopia.com\/en\/wp-json\/wp\/v2\/media?parent=788"}],"curies":[{"name":"wp","href":"https:\/\/api.w.org\/{rel}","templated":true}]}}