{"id":816,"date":"2026-01-26T10:48:08","date_gmt":"2026-01-26T10:48:08","guid":{"rendered":"https:\/\/doitopia.com\/?page_id=816"},"modified":"2026-02-09T10:53:48","modified_gmt":"2026-02-09T10:53:48","slug":"un-mueble-con-corazon-para-quien-mas-lo-necesita","status":"publish","type":"page","link":"https:\/\/doitopia.com\/en\/un-mueble-con-corazon-para-quien-mas-lo-necesita\/","title":{"rendered":"un mueble con coraz\u00f3n para quien m\u00e1s lo necesita"},"content":{"rendered":"<div data-elementor-type=\"wp-page\" data-elementor-id=\"816\" class=\"elementor elementor-816\" data-elementor-post-type=\"page\">\n\t\t\t\t<div class=\"elementor-element elementor-element-8804e78 e-flex e-con-boxed e-con e-parent\" data-id=\"8804e78\" data-element_type=\"container\" data-settings=\"{&quot;background_background&quot;:&quot;classic&quot;}\">\n\t\t\t\t\t<div class=\"e-con-inner\">\n\t\t<div class=\"elementor-element elementor-element-715f629 e-con-full e-flex e-con e-child\" data-id=\"715f629\" data-element_type=\"container\">\n\t\t<div class=\"elementor-element elementor-element-bd6ae88 e-con-full e-flex e-con e-child\" data-id=\"bd6ae88\" data-element_type=\"container\">\n\t\t<div class=\"elementor-element elementor-element-d0d7ac3 e-con-full e-flex e-con e-child\" data-id=\"d0d7ac3\" data-element_type=\"container\">\n\t\t\t\t<div class=\"elementor-element elementor-element-7e0b002 elementor-widget elementor-widget-image\" data-id=\"7e0b002\" data-element_type=\"widget\" data-widget_type=\"image.default\">\n\t\t\t\t\t\t\t\t\t\t\t\t\t\t\t<img fetchpriority=\"high\" decoding=\"async\" width=\"800\" height=\"450\" src=\"https:\/\/doitopia.com\/wp-content\/uploads\/2026\/01\/Un-mueble-con-corazon-para-quien-mas-lo-necesita.jpg\" class=\"attachment-large size-large wp-image-667\" alt=\"\" srcset=\"https:\/\/doitopia.com\/wp-content\/uploads\/2026\/01\/Un-mueble-con-corazon-para-quien-mas-lo-necesita.jpg 1024w, https:\/\/doitopia.com\/wp-content\/uploads\/2026\/01\/Un-mueble-con-corazon-para-quien-mas-lo-necesita-300x169.jpg 300w, https:\/\/doitopia.com\/wp-content\/uploads\/2026\/01\/Un-mueble-con-corazon-para-quien-mas-lo-necesita-768x432.jpg 768w, https:\/\/doitopia.com\/wp-content\/uploads\/2026\/01\/Un-mueble-con-corazon-para-quien-mas-lo-necesita-18x10.jpg 18w, https:\/\/doitopia.com\/wp-content\/uploads\/2026\/01\/Un-mueble-con-corazon-para-quien-mas-lo-necesita-600x338.jpg 600w\" sizes=\"(max-width: 800px) 100vw, 800px\" \/>\t\t\t\t\t\t\t\t\t\t\t\t\t\t\t<\/div>\n\t\t\t\t<\/div>\n\t\t\t\t<\/div>\n\t\t\t\t<\/div>\n\t\t<div class=\"elementor-element elementor-element-c5dcb2d e-con-full e-flex e-con e-child\" data-id=\"c5dcb2d\" data-element_type=\"container\">\n\t\t\t\t<div class=\"elementor-element elementor-element-9c50c84 elementor-widget elementor-widget-heading\" data-id=\"9c50c84\" data-element_type=\"widget\" data-widget_type=\"heading.default\">\n\t\t\t\t\t<h2 class=\"elementor-heading-title elementor-size-default\">Un mueble con coraz\u00f3n  para quien m\u00e1s lo necesita\n<\/h2>\t\t\t\t<\/div>\n\t\t\t\t<div class=\"elementor-element elementor-element-8984bfa elementor-widget elementor-widget-text-editor\" data-id=\"8984bfa\" data-element_type=\"widget\" data-widget_type=\"text-editor.default\">\n\t\t\t\t\t\t\t\t\t<p><span style=\"font-weight: 400;\">Durante la DANA en la Comunidad Valenciana, restaur\u00e9 y entregue muebles a personas que lo hab\u00edan perdido todo. Aquella experiencia me marc\u00f3 profundamente y me hizo ver el impacto real que puede tener un gesto tan sencillo como ofrecer un mueble bonito, funcional y lleno de historia a quien est\u00e1 atravesando un momento dif\u00edcil.<\/span><\/p><p><span style=\"font-weight: 400;\">Por eso he decidido mantener viva esa red de apoyo y parte de los muebles restaurados se destinan a personas en situaci\u00f3n de vulnerabilidad. Si t\u00fa \u2014o alguien que conoces\u2014 est\u00e1 atravesando una situaci\u00f3n complicada y necesita ayuda para amueblar su hogar, puedes escribirme.<\/span><\/p><p><span style=\"font-weight: 400;\">Tambi\u00e9n abrimos la puerta a quienes quieran colaborar donando muebles que ya no necesiten: nosotros los restauramos con mimo y los entregamos a quienes m\u00e1s los necesitan. As\u00ed, entre todas, tejemos una red donde el cuidado y la solidaridad se convierten en hogar<\/span><\/p>\t\t\t\t\t\t\t\t<\/div>\n\t\t\t\t<div class=\"elementor-element elementor-element-ca102db elementor-widget elementor-widget-button\" data-id=\"ca102db\" data-element_type=\"widget\" data-widget_type=\"button.default\">\n\t\t\t\t\t\t\t\t\t\t<a class=\"elementor-button elementor-button-link elementor-size-sm\" href=\"\/en\/contacto\/\">\n\t\t\t\t\t\t<span class=\"elementor-button-content-wrapper\">\n\t\t\t\t\t\t\t\t\t<span class=\"elementor-button-text\">Contacto<\/span>\n\t\t\t\t\t<\/span>\n\t\t\t\t\t<\/a>\n\t\t\t\t\t\t\t\t<\/div>\n\t\t\t\t<\/div>\n\t\t\t\t\t<\/div>\n\t\t\t\t<\/div>\n\t\t\t\t<\/div>","protected":false},"excerpt":{"rendered":"<p>Un mueble con coraz\u00f3n para quien m\u00e1s lo necesita Durante la DANA en la Comunidad Valenciana, restaur\u00e9 y entregue muebles a personas que lo hab\u00edan perdido todo. Aquella experiencia me marc\u00f3 profundamente y me hizo ver el impacto real que puede tener un gesto tan sencillo como ofrecer un mueble bonito, funcional y lleno de [&hellip;]<\/p>","protected":false},"author":1,"featured_media":0,"parent":0,"menu_order":0,"comment_status":"closed","ping_status":"closed","template":"elementor_header_footer","meta":{"footnotes":""},"class_list":["post-816","page","type-page","status-publish","hentry"],"yoast_head":"<!-- This site is optimized with the Yoast SEO plugin v26.7 - https:\/\/yoast.com\/wordpress\/plugins\/seo\/ -->\n<title>un mueble con coraz\u00f3n para quien m\u00e1s lo necesita - doitopia.com<\/title>\n<meta name=\"robots\" content=\"index, follow, max-snippet:-1, max-image-preview:large, max-video-preview:-1\" \/>\n<link rel=\"canonical\" href=\"https:\/\/doitopia.com\/en\/un-mueble-con-corazon-para-quien-mas-lo-necesita\/\" \/>\n<meta property=\"og:locale\" content=\"en_US\" \/>\n<meta property=\"og:type\" content=\"article\" \/>\n<meta property=\"og:title\" content=\"un mueble con coraz\u00f3n para quien m\u00e1s lo necesita - doitopia.com\" \/>\n<meta property=\"og:description\" content=\"Un mueble con coraz\u00f3n para quien m\u00e1s lo necesita Durante la DANA en la Comunidad Valenciana, restaur\u00e9 y entregue muebles a personas que lo hab\u00edan perdido todo. Aquella experiencia me marc\u00f3 profundamente y me hizo ver el impacto real que puede tener un gesto tan sencillo como ofrecer un mueble bonito, funcional y lleno de [&hellip;]\" \/>\n<meta property=\"og:url\" content=\"https:\/\/doitopia.com\/en\/un-mueble-con-corazon-para-quien-mas-lo-necesita\/\" \/>\n<meta property=\"og:site_name\" content=\"doitopia.com\" \/>\n<meta property=\"article:modified_time\" content=\"2026-02-09T10:53:48+00:00\" \/>\n<meta property=\"og:image\" content=\"https:\/\/doitopia.com\/wp-content\/uploads\/2026\/01\/Un-mueble-con-corazon-para-quien-mas-lo-necesita.jpg\" \/>\n\t<meta property=\"og:image:width\" content=\"1024\" \/>\n\t<meta property=\"og:image:height\" content=\"576\" \/>\n\t<meta property=\"og:image:type\" content=\"image\/jpeg\" \/>\n<meta name=\"twitter:card\" content=\"summary_large_image\" \/>\n<meta name=\"twitter:label1\" content=\"Est. reading time\" \/>\n\t<meta name=\"twitter:data1\" content=\"1 minute\" \/>\n<script type=\"application\/ld+json\" class=\"yoast-schema-graph\">{\"@context\":\"https:\/\/schema.org\",\"@graph\":[{\"@type\":\"WebPage\",\"@id\":\"https:\/\/doitopia.com\/un-mueble-con-corazon-para-quien-mas-lo-necesita\/\",\"url\":\"https:\/\/doitopia.com\/un-mueble-con-corazon-para-quien-mas-lo-necesita\/\",\"name\":\"un mueble con coraz\u00f3n para quien m\u00e1s lo necesita - doitopia.com\",\"isPartOf\":{\"@id\":\"https:\/\/doitopia.com\/#website\"},\"primaryImageOfPage\":{\"@id\":\"https:\/\/doitopia.com\/un-mueble-con-corazon-para-quien-mas-lo-necesita\/#primaryimage\"},\"image\":{\"@id\":\"https:\/\/doitopia.com\/un-mueble-con-corazon-para-quien-mas-lo-necesita\/#primaryimage\"},\"thumbnailUrl\":\"https:\/\/doitopia.com\/wp-content\/uploads\/2026\/01\/Un-mueble-con-corazon-para-quien-mas-lo-necesita.jpg\",\"datePublished\":\"2026-01-26T10:48:08+00:00\",\"dateModified\":\"2026-02-09T10:53:48+00:00\",\"breadcrumb\":{\"@id\":\"https:\/\/doitopia.com\/un-mueble-con-corazon-para-quien-mas-lo-necesita\/#breadcrumb\"},\"inLanguage\":\"en-US\",\"potentialAction\":[{\"@type\":\"ReadAction\",\"target\":[\"https:\/\/doitopia.com\/un-mueble-con-corazon-para-quien-mas-lo-necesita\/\"]}]},{\"@type\":\"ImageObject\",\"inLanguage\":\"en-US\",\"@id\":\"https:\/\/doitopia.com\/un-mueble-con-corazon-para-quien-mas-lo-necesita\/#primaryimage\",\"url\":\"https:\/\/doitopia.com\/wp-content\/uploads\/2026\/01\/Un-mueble-con-corazon-para-quien-mas-lo-necesita.jpg\",\"contentUrl\":\"https:\/\/doitopia.com\/wp-content\/uploads\/2026\/01\/Un-mueble-con-corazon-para-quien-mas-lo-necesita.jpg\"},{\"@type\":\"BreadcrumbList\",\"@id\":\"https:\/\/doitopia.com\/un-mueble-con-corazon-para-quien-mas-lo-necesita\/#breadcrumb\",\"itemListElement\":[{\"@type\":\"ListItem\",\"position\":1,\"name\":\"Home\",\"item\":\"https:\/\/doitopia.com\/\"},{\"@type\":\"ListItem\",\"position\":2,\"name\":\"un mueble con coraz\u00f3n para quien m\u00e1s lo necesita\"}]},{\"@type\":\"WebSite\",\"@id\":\"https:\/\/doitopia.com\/#website\",\"url\":\"https:\/\/doitopia.com\/\",\"name\":\"doitopia.com\",\"description\":\"\",\"publisher\":{\"@id\":\"https:\/\/doitopia.com\/#organization\"},\"potentialAction\":[{\"@type\":\"SearchAction\",\"target\":{\"@type\":\"EntryPoint\",\"urlTemplate\":\"https:\/\/doitopia.com\/?s={search_term_string}\"},\"query-input\":{\"@type\":\"PropertyValueSpecification\",\"valueRequired\":true,\"valueName\":\"search_term_string\"}}],\"inLanguage\":\"en-US\"},{\"@type\":\"Organization\",\"@id\":\"https:\/\/doitopia.com\/#organization\",\"name\":\"doitopia.com\",\"url\":\"https:\/\/doitopia.com\/\",\"logo\":{\"@type\":\"ImageObject\",\"inLanguage\":\"en-US\",\"@id\":\"https:\/\/doitopia.com\/#\/schema\/logo\/image\/\",\"url\":\"https:\/\/doitopia.com\/wp-content\/uploads\/2026\/01\/logo-DOITOPIA-sin-fondo-1.png\",\"contentUrl\":\"https:\/\/doitopia.com\/wp-content\/uploads\/2026\/01\/logo-DOITOPIA-sin-fondo-1.png\",\"width\":721,\"height\":639,\"caption\":\"doitopia.com\"},\"image\":{\"@id\":\"https:\/\/doitopia.com\/#\/schema\/logo\/image\/\"}}]}<\/script>\n<!-- \/ Yoast SEO plugin. -->","yoast_head_json":{"title":"un mueble con coraz\u00f3n para quien m\u00e1s lo necesita - doitopia.com","robots":{"index":"index","follow":"follow","max-snippet":"max-snippet:-1","max-image-preview":"max-image-preview:large","max-video-preview":"max-video-preview:-1"},"canonical":"https:\/\/doitopia.com\/en\/un-mueble-con-corazon-para-quien-mas-lo-necesita\/","og_locale":"en_US","og_type":"article","og_title":"un mueble con coraz\u00f3n para quien m\u00e1s lo necesita - doitopia.com","og_description":"Un mueble con coraz\u00f3n para quien m\u00e1s lo necesita Durante la DANA en la Comunidad Valenciana, restaur\u00e9 y entregue muebles a personas que lo hab\u00edan perdido todo. Aquella experiencia me marc\u00f3 profundamente y me hizo ver el impacto real que puede tener un gesto tan sencillo como ofrecer un mueble bonito, funcional y lleno de [&hellip;]","og_url":"https:\/\/doitopia.com\/en\/un-mueble-con-corazon-para-quien-mas-lo-necesita\/","og_site_name":"doitopia.com","article_modified_time":"2026-02-09T10:53:48+00:00","og_image":[{"width":1024,"height":576,"url":"https:\/\/doitopia.com\/wp-content\/uploads\/2026\/01\/Un-mueble-con-corazon-para-quien-mas-lo-necesita.jpg","type":"image\/jpeg"}],"twitter_card":"summary_large_image","twitter_misc":{"Est. reading time":"1 minute"},"schema":{"@context":"https:\/\/schema.org","@graph":[{"@type":"WebPage","@id":"https:\/\/doitopia.com\/un-mueble-con-corazon-para-quien-mas-lo-necesita\/","url":"https:\/\/doitopia.com\/un-mueble-con-corazon-para-quien-mas-lo-necesita\/","name":"un mueble con coraz\u00f3n para quien m\u00e1s lo necesita - doitopia.com","isPartOf":{"@id":"https:\/\/doitopia.com\/#website"},"primaryImageOfPage":{"@id":"https:\/\/doitopia.com\/un-mueble-con-corazon-para-quien-mas-lo-necesita\/#primaryimage"},"image":{"@id":"https:\/\/doitopia.com\/un-mueble-con-corazon-para-quien-mas-lo-necesita\/#primaryimage"},"thumbnailUrl":"https:\/\/doitopia.com\/wp-content\/uploads\/2026\/01\/Un-mueble-con-corazon-para-quien-mas-lo-necesita.jpg","datePublished":"2026-01-26T10:48:08+00:00","dateModified":"2026-02-09T10:53:48+00:00","breadcrumb":{"@id":"https:\/\/doitopia.com\/un-mueble-con-corazon-para-quien-mas-lo-necesita\/#breadcrumb"},"inLanguage":"en-US","potentialAction":[{"@type":"ReadAction","target":["https:\/\/doitopia.com\/un-mueble-con-corazon-para-quien-mas-lo-necesita\/"]}]},{"@type":"ImageObject","inLanguage":"en-US","@id":"https:\/\/doitopia.com\/un-mueble-con-corazon-para-quien-mas-lo-necesita\/#primaryimage","url":"https:\/\/doitopia.com\/wp-content\/uploads\/2026\/01\/Un-mueble-con-corazon-para-quien-mas-lo-necesita.jpg","contentUrl":"https:\/\/doitopia.com\/wp-content\/uploads\/2026\/01\/Un-mueble-con-corazon-para-quien-mas-lo-necesita.jpg"},{"@type":"BreadcrumbList","@id":"https:\/\/doitopia.com\/un-mueble-con-corazon-para-quien-mas-lo-necesita\/#breadcrumb","itemListElement":[{"@type":"ListItem","position":1,"name":"Home","item":"https:\/\/doitopia.com\/"},{"@type":"ListItem","position":2,"name":"un mueble con coraz\u00f3n para quien m\u00e1s lo necesita"}]},{"@type":"WebSite","@id":"https:\/\/doitopia.com\/#website","url":"https:\/\/doitopia.com\/","name":"doitopia.com","description":"","publisher":{"@id":"https:\/\/doitopia.com\/#organization"},"potentialAction":[{"@type":"SearchAction","target":{"@type":"EntryPoint","urlTemplate":"https:\/\/doitopia.com\/?s={search_term_string}"},"query-input":{"@type":"PropertyValueSpecification","valueRequired":true,"valueName":"search_term_string"}}],"inLanguage":"en-US"},{"@type":"Organization","@id":"https:\/\/doitopia.com\/#organization","name":"doitopia.com","url":"https:\/\/doitopia.com\/","logo":{"@type":"ImageObject","inLanguage":"en-US","@id":"https:\/\/doitopia.com\/#\/schema\/logo\/image\/","url":"https:\/\/doitopia.com\/wp-content\/uploads\/2026\/01\/logo-DOITOPIA-sin-fondo-1.png","contentUrl":"https:\/\/doitopia.com\/wp-content\/uploads\/2026\/01\/logo-DOITOPIA-sin-fondo-1.png","width":721,"height":639,"caption":"doitopia.com"},"image":{"@id":"https:\/\/doitopia.com\/#\/schema\/logo\/image\/"}}]}},"_links":{"self":[{"href":"https:\/\/doitopia.com\/en\/wp-json\/wp\/v2\/pages\/816","targetHints":{"allow":["GET"]}}],"collection":[{"href":"https:\/\/doitopia.com\/en\/wp-json\/wp\/v2\/pages"}],"about":[{"href":"https:\/\/doitopia.com\/en\/wp-json\/wp\/v2\/types\/page"}],"author":[{"embeddable":true,"href":"https:\/\/doitopia.com\/en\/wp-json\/wp\/v2\/users\/1"}],"replies":[{"embeddable":true,"href":"https:\/\/doitopia.com\/en\/wp-json\/wp\/v2\/comments?post=816"}],"version-history":[{"count":11,"href":"https:\/\/doitopia.com\/en\/wp-json\/wp\/v2\/pages\/816\/revisions"}],"predecessor-version":[{"id":1010,"href":"https:\/\/doitopia.com\/en\/wp-json\/wp\/v2\/pages\/816\/revisions\/1010"}],"wp:attachment":[{"href":"https:\/\/doitopia.com\/en\/wp-json\/wp\/v2\/media?parent=816"}],"curies":[{"name":"wp","href":"https:\/\/api.w.org\/{rel}","templated":true}]}}