{"id":1036,"date":"2026-03-04T08:10:55","date_gmt":"2026-03-04T08:10:55","guid":{"rendered":"https:\/\/doitopia.com\/?post_type=product&#038;p=1036"},"modified":"2026-03-04T08:16:54","modified_gmt":"2026-03-04T08:16:54","slug":"lampara-rayas-blanco-y-negro","status":"publish","type":"product","link":"https:\/\/doitopia.com\/en\/product\/lampara-rayas-blanco-y-negro\/","title":{"rendered":"L\u00e1mpara rayas blanco y negro"},"content":{"rendered":"<p>L\u00e1mpara de l\u00edneas limpias que combina una base efecto m\u00e1rmol con elegante pantalla textil recuperada, en \u00a0rayas blanco y negro.<\/p>\n<p>El contraste gr\u00e1fico aporta equilibrio visual y un aire contempor\u00e1neo, convirti\u00e9ndola en una pieza vers\u00e1til.<\/p>\n<p>Perfecta como punto de luz auxiliar en sal\u00f3n, escritorio o dormitorio.<\/p>\n<p>MEDIDAS<br \/>\nAltura: 47 cm<br \/>\nAnchura: 30 cm<br \/>\nProfundidad: 30 cm<\/p>","protected":false},"excerpt":{"rendered":"<p>L\u00e1mpara de l\u00edneas limpias que combina una base efecto m\u00e1rmol con elegante pantalla textil recuperada, en \u00a0rayas blanco y negro. El contraste gr\u00e1fico aporta equilibrio visual y un aire contempor\u00e1neo, convirti\u00e9ndola en una pieza vers\u00e1til. Perfecta como punto de luz auxiliar en sal\u00f3n, escritorio o dormitorio. MEDIDAS Altura: 47 cm Anchura: 30 cm Profundidad: 30 [&hellip;]<\/p>","protected":false},"featured_media":1037,"comment_status":"open","ping_status":"closed","template":"","meta":[],"product_brand":[],"product_cat":[15],"product_tag":[],"class_list":{"0":"post-1036","1":"product","2":"type-product","3":"status-publish","4":"has-post-thumbnail","6":"product_cat-sin-categorizar","8":"first","9":"instock","10":"shipping-taxable","11":"purchasable","12":"product-type-simple"},"yoast_head":"<!-- This site is optimized with the Yoast SEO plugin v27.4 - https:\/\/yoast.com\/product\/yoast-seo-wordpress\/ -->\n<title>L\u00e1mpara rayas blanco y negro - doitopia.com<\/title>\n<meta name=\"robots\" content=\"index, follow, max-snippet:-1, max-image-preview:large, max-video-preview:-1\" \/>\n<link rel=\"canonical\" href=\"https:\/\/doitopia.com\/en\/product\/lampara-rayas-blanco-y-negro\/\" \/>\n<meta property=\"og:locale\" content=\"en_US\" \/>\n<meta property=\"og:type\" content=\"article\" \/>\n<meta property=\"og:title\" content=\"L\u00e1mpara rayas blanco y negro - doitopia.com\" \/>\n<meta property=\"og:description\" content=\"L\u00e1mpara de l\u00edneas limpias que combina una base efecto m\u00e1rmol con elegante pantalla textil recuperada, en \u00a0rayas blanco y negro. El contraste gr\u00e1fico aporta equilibrio visual y un aire contempor\u00e1neo, convirti\u00e9ndola en una pieza vers\u00e1til. Perfecta como punto de luz auxiliar en sal\u00f3n, escritorio o dormitorio. MEDIDAS Altura: 47 cm Anchura: 30 cm Profundidad: 30 [&hellip;]\" \/>\n<meta property=\"og:url\" content=\"https:\/\/doitopia.com\/en\/product\/lampara-rayas-blanco-y-negro\/\" \/>\n<meta property=\"og:site_name\" content=\"doitopia.com\" \/>\n<meta property=\"article:modified_time\" content=\"2026-03-04T08:16:54+00:00\" \/>\n<meta property=\"og:image\" content=\"https:\/\/doitopia.com\/wp-content\/uploads\/2026\/03\/image0-2.jpeg\" \/>\n\t<meta property=\"og:image:width\" content=\"683\" \/>\n\t<meta property=\"og:image:height\" content=\"1024\" \/>\n\t<meta property=\"og:image:type\" content=\"image\/jpeg\" \/>\n<meta name=\"twitter:card\" content=\"summary_large_image\" \/>\n<meta name=\"twitter:label1\" content=\"Est. reading time\" \/>\n\t<meta name=\"twitter:data1\" content=\"1 minute\" \/>\n<script type=\"application\/ld+json\" class=\"yoast-schema-graph\">{\"@context\":\"https:\\\/\\\/schema.org\",\"@graph\":[{\"@type\":\"WebPage\",\"@id\":\"https:\\\/\\\/doitopia.com\\\/producto\\\/lampara-rayas-blanco-y-negro\\\/\",\"url\":\"https:\\\/\\\/doitopia.com\\\/producto\\\/lampara-rayas-blanco-y-negro\\\/\",\"name\":\"L\u00e1mpara rayas blanco y negro - doitopia.com\",\"isPartOf\":{\"@id\":\"https:\\\/\\\/doitopia.com\\\/#website\"},\"primaryImageOfPage\":{\"@id\":\"https:\\\/\\\/doitopia.com\\\/producto\\\/lampara-rayas-blanco-y-negro\\\/#primaryimage\"},\"image\":{\"@id\":\"https:\\\/\\\/doitopia.com\\\/producto\\\/lampara-rayas-blanco-y-negro\\\/#primaryimage\"},\"thumbnailUrl\":\"https:\\\/\\\/doitopia.com\\\/wp-content\\\/uploads\\\/2026\\\/03\\\/image0-2.jpeg\",\"datePublished\":\"2026-03-04T08:10:55+00:00\",\"dateModified\":\"2026-03-04T08:16:54+00:00\",\"breadcrumb\":{\"@id\":\"https:\\\/\\\/doitopia.com\\\/producto\\\/lampara-rayas-blanco-y-negro\\\/#breadcrumb\"},\"inLanguage\":\"en-US\",\"potentialAction\":[{\"@type\":\"ReadAction\",\"target\":[\"https:\\\/\\\/doitopia.com\\\/producto\\\/lampara-rayas-blanco-y-negro\\\/\"]}]},{\"@type\":\"ImageObject\",\"inLanguage\":\"en-US\",\"@id\":\"https:\\\/\\\/doitopia.com\\\/producto\\\/lampara-rayas-blanco-y-negro\\\/#primaryimage\",\"url\":\"https:\\\/\\\/doitopia.com\\\/wp-content\\\/uploads\\\/2026\\\/03\\\/image0-2.jpeg\",\"contentUrl\":\"https:\\\/\\\/doitopia.com\\\/wp-content\\\/uploads\\\/2026\\\/03\\\/image0-2.jpeg\",\"width\":683,\"height\":1024},{\"@type\":\"BreadcrumbList\",\"@id\":\"https:\\\/\\\/doitopia.com\\\/producto\\\/lampara-rayas-blanco-y-negro\\\/#breadcrumb\",\"itemListElement\":[{\"@type\":\"ListItem\",\"position\":1,\"name\":\"Home\",\"item\":\"https:\\\/\\\/doitopia.com\\\/\"},{\"@type\":\"ListItem\",\"position\":2,\"name\":\"Tienda\",\"item\":\"https:\\\/\\\/doitopia.com\\\/tienda\\\/\"},{\"@type\":\"ListItem\",\"position\":3,\"name\":\"L\u00e1mpara rayas blanco y negro\"}]},{\"@type\":\"WebSite\",\"@id\":\"https:\\\/\\\/doitopia.com\\\/#website\",\"url\":\"https:\\\/\\\/doitopia.com\\\/\",\"name\":\"doitopia.com\",\"description\":\"\",\"publisher\":{\"@id\":\"https:\\\/\\\/doitopia.com\\\/#organization\"},\"potentialAction\":[{\"@type\":\"SearchAction\",\"target\":{\"@type\":\"EntryPoint\",\"urlTemplate\":\"https:\\\/\\\/doitopia.com\\\/?s={search_term_string}\"},\"query-input\":{\"@type\":\"PropertyValueSpecification\",\"valueRequired\":true,\"valueName\":\"search_term_string\"}}],\"inLanguage\":\"en-US\"},{\"@type\":\"Organization\",\"@id\":\"https:\\\/\\\/doitopia.com\\\/#organization\",\"name\":\"doitopia.com\",\"url\":\"https:\\\/\\\/doitopia.com\\\/\",\"logo\":{\"@type\":\"ImageObject\",\"inLanguage\":\"en-US\",\"@id\":\"https:\\\/\\\/doitopia.com\\\/#\\\/schema\\\/logo\\\/image\\\/\",\"url\":\"https:\\\/\\\/doitopia.com\\\/wp-content\\\/uploads\\\/2026\\\/01\\\/logo-DOITOPIA-sin-fondo-1.png\",\"contentUrl\":\"https:\\\/\\\/doitopia.com\\\/wp-content\\\/uploads\\\/2026\\\/01\\\/logo-DOITOPIA-sin-fondo-1.png\",\"width\":721,\"height\":639,\"caption\":\"doitopia.com\"},\"image\":{\"@id\":\"https:\\\/\\\/doitopia.com\\\/#\\\/schema\\\/logo\\\/image\\\/\"}}]}<\/script>\n<!-- \/ Yoast SEO plugin. -->","yoast_head_json":{"title":"L\u00e1mpara rayas blanco y negro - doitopia.com","robots":{"index":"index","follow":"follow","max-snippet":"max-snippet:-1","max-image-preview":"max-image-preview:large","max-video-preview":"max-video-preview:-1"},"canonical":"https:\/\/doitopia.com\/en\/product\/lampara-rayas-blanco-y-negro\/","og_locale":"en_US","og_type":"article","og_title":"L\u00e1mpara rayas blanco y negro - doitopia.com","og_description":"L\u00e1mpara de l\u00edneas limpias que combina una base efecto m\u00e1rmol con elegante pantalla textil recuperada, en \u00a0rayas blanco y negro. El contraste gr\u00e1fico aporta equilibrio visual y un aire contempor\u00e1neo, convirti\u00e9ndola en una pieza vers\u00e1til. Perfecta como punto de luz auxiliar en sal\u00f3n, escritorio o dormitorio. MEDIDAS Altura: 47 cm Anchura: 30 cm Profundidad: 30 [&hellip;]","og_url":"https:\/\/doitopia.com\/en\/product\/lampara-rayas-blanco-y-negro\/","og_site_name":"doitopia.com","article_modified_time":"2026-03-04T08:16:54+00:00","og_image":[{"width":683,"height":1024,"url":"https:\/\/doitopia.com\/wp-content\/uploads\/2026\/03\/image0-2.jpeg","type":"image\/jpeg"}],"twitter_card":"summary_large_image","twitter_misc":{"Est. reading time":"1 minute"},"schema":{"@context":"https:\/\/schema.org","@graph":[{"@type":"WebPage","@id":"https:\/\/doitopia.com\/producto\/lampara-rayas-blanco-y-negro\/","url":"https:\/\/doitopia.com\/producto\/lampara-rayas-blanco-y-negro\/","name":"L\u00e1mpara rayas blanco y negro - doitopia.com","isPartOf":{"@id":"https:\/\/doitopia.com\/#website"},"primaryImageOfPage":{"@id":"https:\/\/doitopia.com\/producto\/lampara-rayas-blanco-y-negro\/#primaryimage"},"image":{"@id":"https:\/\/doitopia.com\/producto\/lampara-rayas-blanco-y-negro\/#primaryimage"},"thumbnailUrl":"https:\/\/doitopia.com\/wp-content\/uploads\/2026\/03\/image0-2.jpeg","datePublished":"2026-03-04T08:10:55+00:00","dateModified":"2026-03-04T08:16:54+00:00","breadcrumb":{"@id":"https:\/\/doitopia.com\/producto\/lampara-rayas-blanco-y-negro\/#breadcrumb"},"inLanguage":"en-US","potentialAction":[{"@type":"ReadAction","target":["https:\/\/doitopia.com\/producto\/lampara-rayas-blanco-y-negro\/"]}]},{"@type":"ImageObject","inLanguage":"en-US","@id":"https:\/\/doitopia.com\/producto\/lampara-rayas-blanco-y-negro\/#primaryimage","url":"https:\/\/doitopia.com\/wp-content\/uploads\/2026\/03\/image0-2.jpeg","contentUrl":"https:\/\/doitopia.com\/wp-content\/uploads\/2026\/03\/image0-2.jpeg","width":683,"height":1024},{"@type":"BreadcrumbList","@id":"https:\/\/doitopia.com\/producto\/lampara-rayas-blanco-y-negro\/#breadcrumb","itemListElement":[{"@type":"ListItem","position":1,"name":"Home","item":"https:\/\/doitopia.com\/"},{"@type":"ListItem","position":2,"name":"Tienda","item":"https:\/\/doitopia.com\/tienda\/"},{"@type":"ListItem","position":3,"name":"L\u00e1mpara rayas blanco y negro"}]},{"@type":"WebSite","@id":"https:\/\/doitopia.com\/#website","url":"https:\/\/doitopia.com\/","name":"doitopia.com","description":"","publisher":{"@id":"https:\/\/doitopia.com\/#organization"},"potentialAction":[{"@type":"SearchAction","target":{"@type":"EntryPoint","urlTemplate":"https:\/\/doitopia.com\/?s={search_term_string}"},"query-input":{"@type":"PropertyValueSpecification","valueRequired":true,"valueName":"search_term_string"}}],"inLanguage":"en-US"},{"@type":"Organization","@id":"https:\/\/doitopia.com\/#organization","name":"doitopia.com","url":"https:\/\/doitopia.com\/","logo":{"@type":"ImageObject","inLanguage":"en-US","@id":"https:\/\/doitopia.com\/#\/schema\/logo\/image\/","url":"https:\/\/doitopia.com\/wp-content\/uploads\/2026\/01\/logo-DOITOPIA-sin-fondo-1.png","contentUrl":"https:\/\/doitopia.com\/wp-content\/uploads\/2026\/01\/logo-DOITOPIA-sin-fondo-1.png","width":721,"height":639,"caption":"doitopia.com"},"image":{"@id":"https:\/\/doitopia.com\/#\/schema\/logo\/image\/"}}]}},"_links":{"self":[{"href":"https:\/\/doitopia.com\/en\/wp-json\/wp\/v2\/product\/1036","targetHints":{"allow":["GET"]}}],"collection":[{"href":"https:\/\/doitopia.com\/en\/wp-json\/wp\/v2\/product"}],"about":[{"href":"https:\/\/doitopia.com\/en\/wp-json\/wp\/v2\/types\/product"}],"replies":[{"embeddable":true,"href":"https:\/\/doitopia.com\/en\/wp-json\/wp\/v2\/comments?post=1036"}],"wp:featuredmedia":[{"embeddable":true,"href":"https:\/\/doitopia.com\/en\/wp-json\/wp\/v2\/media\/1037"}],"wp:attachment":[{"href":"https:\/\/doitopia.com\/en\/wp-json\/wp\/v2\/media?parent=1036"}],"wp:term":[{"taxonomy":"product_brand","embeddable":true,"href":"https:\/\/doitopia.com\/en\/wp-json\/wp\/v2\/product_brand?post=1036"},{"taxonomy":"product_cat","embeddable":true,"href":"https:\/\/doitopia.com\/en\/wp-json\/wp\/v2\/product_cat?post=1036"},{"taxonomy":"product_tag","embeddable":true,"href":"https:\/\/doitopia.com\/en\/wp-json\/wp\/v2\/product_tag?post=1036"}],"curies":[{"name":"wp","href":"https:\/\/api.w.org\/{rel}","templated":true}]}}